

{"id":1962,"date":"2022-04-14T08:55:12","date_gmt":"2022-04-14T07:55:12","guid":{"rendered":"https:\/\/palaciogrilo.com\/histoire\/"},"modified":"2022-04-27T15:11:41","modified_gmt":"2022-04-27T14:11:41","slug":"histoire","status":"publish","type":"page","link":"https:\/\/palaciogrilo.com\/en\/histoire\/","title":{"rendered":"History"},"content":{"rendered":"<div class=\"bm-builder clearfix \"><div id=\"\" class=\"module col-0 module-id-1650486515590\" data-module-col=\"0\"><div class=\"module-inside slider-inside post-0-454\" style=\"--top-mod: 0px;--bottom-mod: 0px;--top-mod-m:0px;--bottom-mod-m:0px;\" ><div class=\"slider-mod-wrap slider-style1 slide-des-bottom-left slide-arrow-show-default \" ><div class=\"owl-carousel \" data-item=\"1\" data-mobileitem=\"1\" data-center=\"false\" data-margin=\"0\" data-marginmobile=\"0\" data-autowidth=\"false\" data-slideby=\"1\" data-showdot=\"true\" data-loop=\"true\" data-nav=\"false\" data-mousedrag=\"false\" data-mousewheel=\"false\" data-transition=\"300\" data-auto=\"false\" data-autoplayTimeout=\"5000\" data-autohide=\"false\" data-lazy=\"true\" data-random=\"false\" ><section class=\"item\" data-logocolor=\"a\" data-menucolor=\"a\" data-id=\"post-0-454\"><div class=\"slide-item-wrap\"><div class=\"slide-item-des\"><div class=\"slide-item-des-wrap\"><\/div><\/div><div class=\"carousel-img-wrap ux-ajax-page-transition-link\" style=\"\"><img decoding=\"async\" src=\"data:image\/gif;base64,R0lGODlhAQABAIAAAAAAAP\/\/\/yH5BAEAAAAALAAAAAABAAEAAAIBRAA7\" data-src=\"https:\/\/palaciogrilo.com\/wp-content\/uploads\/2022\/04\/palacio-do-grilo-page-history.jpg\" alt=\"\" data-srcset=\"https:\/\/palaciogrilo.com\/wp-content\/uploads\/2022\/04\/palacio-do-grilo-page-history.jpg 1949w, https:\/\/palaciogrilo.com\/wp-content\/uploads\/2022\/04\/palacio-do-grilo-page-history-300x192.jpg 300w, https:\/\/palaciogrilo.com\/wp-content\/uploads\/2022\/04\/palacio-do-grilo-page-history-1024x655.jpg 1024w, https:\/\/palaciogrilo.com\/wp-content\/uploads\/2022\/04\/palacio-do-grilo-page-history-768x491.jpg 768w, https:\/\/palaciogrilo.com\/wp-content\/uploads\/2022\/04\/palacio-do-grilo-page-history-1536x982.jpg 1536w, https:\/\/palaciogrilo.com\/wp-content\/uploads\/2022\/04\/palacio-do-grilo-page-history-350x224.jpg 350w, https:\/\/palaciogrilo.com\/wp-content\/uploads\/2022\/04\/palacio-do-grilo-page-history-650x416.jpg 650w, https:\/\/palaciogrilo.com\/wp-content\/uploads\/2022\/04\/palacio-do-grilo-page-history-1000x639.jpg 1000w, https:\/\/palaciogrilo.com\/wp-content\/uploads\/2022\/04\/palacio-do-grilo-page-history-600x384.jpg 600w\" data-sizes=\"(max-width: 480px) 320px,(max-width: 767px) 500px,(max-width: 1949px) 100vw, 1949px\" class=\"grid-item-img owl-lazy lazy\" ><\/div><\/div><\/section><\/div><!--End owl --><\/div><\/div><\/div><div id=\"herotitle\" class=\"module col-12 module-id-1650486516240 col-offset-0\" data-module-col=\"12\"><div class=\"module-inside text-inside\" style=\"--top-mod: 0px;--bottom-mod: 0px;--top-mod-m:0px;--bottom-mod-m:0px;\" ><div class=\"text_block_out\"  data-effect=\"standard\" style=\"\"><div class=\"text_block ux-mod-nobg\"><div class=\"text_block_inn\"><div id=\"text-1650486516240\" class=\"text_block_centered text_block_centered_enable_width\"  style=\"\"><h2><span style=\"font-family: ux-font-1649885179906; font-size: 60px; color: #ffffff;\">History<\/span><\/h2><\/div><\/div><\/div><\/div><\/div><\/div><div id=\"\" class=\"module col-12 module-id-1650486516503 col-offset-0\" data-module-col=\"12\"><div class=\"module-inside text-inside\" style=\"--top-mod: 0px;--bottom-mod: 0px;--top-mod-m:0px;--bottom-mod-m:0px;\" ><div class=\"text_block_out\"  data-effect=\"standard\" style=\"\"><div class=\"text_block ux-mod-nobg\"><div class=\"text_block_inn\"><div id=\"text-1650486516503\" class=\"text_block_centered text_block_centered_enable_width\"  style=\"\"><h3><span style=\"font-family: ux-font-164988511978;\">D. Pedro conceived a world in which &#8220;his imagination, his chimeras, his phantasmagorias&#8221; are interposed in the real.<\/span><\/h3><\/div><\/div><\/div><\/div><\/div><\/div><div id=\"\" class=\"module col-12 module-id-1650486516766 col-offset-0\" data-module-col=\"12\"><div class=\"module-inside text-inside\" style=\"--top-mod: 0px;--bottom-mod: 0px;--top-mod-m:0px;--bottom-mod-m:0px;\" ><div class=\"text_block_out\"  data-effect=\"standard\" style=\"\"><div class=\"text_block ux-mod-nobg\"><div class=\"text_block_inn\"><div id=\"text-1650486516766\" class=\"text_block_centered text_block_centered_enable_width\"  style=\"\"><p>The initial project<\/p>\n<p>D. Pedro de Bragan\u00e7a, named Pedro Henrique de Bragan\u00e7a Sousa Tavares Mascarenhas da Silva, (1718-1761), first duke of Laf\u00f5es and illegitimate descendant of King Pedro II, although first born, saw his place on the throne and in the heart of Maria I taken by the future King Pedro III.<br>On the night of their union, in the Pal\u00e1cio do Grilo, where his &#8220;dream of stone and stones given as an offering to dreams&#8221; was reborn, instead of honoring the passage of the wedding carriage by lighting up his residence, Pedro had all the candles extinguished. What did he discover that night? What decision did he make? Was he already in the habit of placing a small cage containing a cricket near him? Hadn&#39;t he already written, in the Journal of an imaginary construction, &#8220;that there is no better invitation to reverie than the song of this insect, vibration of the heart, eroticism of the soul and violin of the spirit&#8221;? <\/p>\n<p>From that day on, D. Pedro dedicated his talent to his dreamlike kingdom.<\/p>\n<p>Even the reconstruction of Lisbon after the earthquake (1755), for which he was responsible, did not seem to bother him that much. He drew his own plans, took the first letter of his title to give the main building the shape of an L, and hired the most prominent artists of the time to create &#8220;a place that is also a non-place and that can allow the soul to take flight, which is so appropriate.<\/p>\n<p>This dreamlike kingdom was somehow freed from the world by the disappointment of an impossible union, an inaccessible throne, a contradicted ambition. For the lord D. Pedro de Bragan\u00e7a, Duke of Laf\u00f5es, known as &#8220;do Grilo&#8221; because he collected these small singing insects and enjoyed multiplying them in his gardens, it was another throne for another kingdom.<\/p>\n<p>His premature death at 49 years old did not allow the &#8220;extraordinary builder&#8221;, the &#8220;dreamer of stone&#8221; and the &#8220;traveler in the room&#8221; to become a &#8220;master in the art of sleeping&#8221; to see his project come true.<\/p>\n<p>The Magic Notebook of the Pal\u00e1cio do Grilo is an unpublished work written by the first Duke of Laf\u00f5es, while he was preparing the plans for his main residence between 1745 and 1761. In each page of the notebook, the principles that each room of the palace would address are exposed, and are systematically accompanied by a small psalm and some sketches.<br>The magic notebook is the last and only trace of his project for the Palace of Dreams.<\/p>\n<p>The history of Grilo&#39;s Palace<br>&#8220;The Grilo Palace, belonging to the Dukes of Laf\u00f5es, was built in the years following the great earthquake of 1755 by D. Jo\u00e3o Mascarenhas da Silva, 2nd Duke in title and founder of the Academy of Sciences.<br>The design of the Palacio is still uncertain, although several authors attribute it to the architect Eug\u00e9nio dos Santos. This grandiose project aimed to transform the small summer farm of the dukes into their permanent residence in the capital.<br>The interior space is distinguished by the decorative programs, of great richness and erudition, namely the sets of murals by Cirilo Wolkmar Machado, or the tiles of the 18th and 19th centuries, which integrate the thematic rooms of the palace, such as the Academy Room, the Venus Room or the Chinese Room. The rectangular chapel contains a gilded and polychrome carved wooden altarpiece from the second half of the 18th century.<br>Catarina Oliveira<\/p><\/div><\/div><\/div><\/div><\/div><\/div><\/div>","protected":false},"excerpt":{"rendered":"<p>HistoryD. Pedro conceived a world in which &#8220;his imagination, his &hellip;<\/p>\n","protected":false},"author":1,"featured_media":0,"parent":0,"menu_order":0,"comment_status":"closed","ping_status":"closed","template":"","meta":{"inline_featured_image":false,"_monsterinsights_skip_tracking":false,"_monsterinsights_sitenote_active":false,"_monsterinsights_sitenote_note":"","_monsterinsights_sitenote_category":0,"footnotes":""},"class_list":["post-1962","page","type-page","status-publish","hentry"],"acf":[],"yoast_head":"<!-- This site is optimized with the Yoast SEO plugin v18.6 - https:\/\/yoast.com\/wordpress\/plugins\/seo\/ -->\n<title>Palacio do Grilo - History<\/title>\n<meta name=\"description\" content=\"History of the Palacio do Grilo, palace in Lisbon intact for 350 years.\" \/>\n<meta name=\"robots\" content=\"index, follow, max-snippet:-1, max-image-preview:large, max-video-preview:-1\" \/>\n<link rel=\"canonical\" href=\"https:\/\/palaciogrilo.com\/en\/histoire\/\" \/>\n<meta property=\"og:locale\" content=\"en_US\" \/>\n<meta property=\"og:type\" content=\"article\" \/>\n<meta property=\"og:title\" content=\"Palacio do Grilo - History\" \/>\n<meta property=\"og:description\" content=\"History of the Palacio do Grilo, palace in Lisbon intact for 350 years.\" \/>\n<meta property=\"og:url\" content=\"https:\/\/palaciogrilo.com\/en\/histoire\/\" \/>\n<meta property=\"og:site_name\" content=\"Palacio do Grilo\" \/>\n<meta property=\"article:modified_time\" content=\"2022-04-27T14:11:41+00:00\" \/>\n<meta name=\"twitter:card\" content=\"summary_large_image\" \/>\n<script type=\"application\/ld+json\" class=\"yoast-schema-graph\">{\"@context\":\"https:\/\/schema.org\",\"@graph\":[{\"@type\":\"WebSite\",\"@id\":\"https:\/\/palaciogrilo.com\/en\/#website\",\"url\":\"https:\/\/palaciogrilo.com\/en\/\",\"name\":\"Palacio do Grilo\",\"description\":\"Palace and monuments in Lisbon\",\"potentialAction\":[{\"@type\":\"SearchAction\",\"target\":{\"@type\":\"EntryPoint\",\"urlTemplate\":\"https:\/\/palaciogrilo.com\/en\/?s={search_term_string}\"},\"query-input\":\"required name=search_term_string\"}],\"inLanguage\":\"en-US\"},{\"@type\":\"WebPage\",\"@id\":\"https:\/\/palaciogrilo.com\/en\/histoire\/#webpage\",\"url\":\"https:\/\/palaciogrilo.com\/en\/histoire\/\",\"name\":\"Palacio do Grilo - History\",\"isPartOf\":{\"@id\":\"https:\/\/palaciogrilo.com\/en\/#website\"},\"datePublished\":\"2022-04-14T07:55:12+00:00\",\"dateModified\":\"2022-04-27T14:11:41+00:00\",\"description\":\"History of the Palacio do Grilo, palace in Lisbon intact for 350 years.\",\"breadcrumb\":{\"@id\":\"https:\/\/palaciogrilo.com\/en\/histoire\/#breadcrumb\"},\"inLanguage\":\"en-US\",\"potentialAction\":[{\"@type\":\"ReadAction\",\"target\":[\"https:\/\/palaciogrilo.com\/en\/histoire\/\"]}]},{\"@type\":\"BreadcrumbList\",\"@id\":\"https:\/\/palaciogrilo.com\/en\/histoire\/#breadcrumb\",\"itemListElement\":[{\"@type\":\"ListItem\",\"position\":1,\"name\":\"Home\",\"item\":\"https:\/\/palaciogrilo.com\/en\/\"},{\"@type\":\"ListItem\",\"position\":2,\"name\":\"History\"}]}]}<\/script>\n<!-- \/ Yoast SEO plugin. -->","yoast_head_json":{"title":"Palacio do Grilo - History","description":"History of the Palacio do Grilo, palace in Lisbon intact for 350 years.","robots":{"index":"index","follow":"follow","max-snippet":"max-snippet:-1","max-image-preview":"max-image-preview:large","max-video-preview":"max-video-preview:-1"},"canonical":"https:\/\/palaciogrilo.com\/en\/histoire\/","og_locale":"en_US","og_type":"article","og_title":"Palacio do Grilo - History","og_description":"History of the Palacio do Grilo, palace in Lisbon intact for 350 years.","og_url":"https:\/\/palaciogrilo.com\/en\/histoire\/","og_site_name":"Palacio do Grilo","article_modified_time":"2022-04-27T14:11:41+00:00","twitter_card":"summary_large_image","schema":{"@context":"https:\/\/schema.org","@graph":[{"@type":"WebSite","@id":"https:\/\/palaciogrilo.com\/en\/#website","url":"https:\/\/palaciogrilo.com\/en\/","name":"Palacio do Grilo","description":"Palace and monuments in Lisbon","potentialAction":[{"@type":"SearchAction","target":{"@type":"EntryPoint","urlTemplate":"https:\/\/palaciogrilo.com\/en\/?s={search_term_string}"},"query-input":"required name=search_term_string"}],"inLanguage":"en-US"},{"@type":"WebPage","@id":"https:\/\/palaciogrilo.com\/en\/histoire\/#webpage","url":"https:\/\/palaciogrilo.com\/en\/histoire\/","name":"Palacio do Grilo - History","isPartOf":{"@id":"https:\/\/palaciogrilo.com\/en\/#website"},"datePublished":"2022-04-14T07:55:12+00:00","dateModified":"2022-04-27T14:11:41+00:00","description":"History of the Palacio do Grilo, palace in Lisbon intact for 350 years.","breadcrumb":{"@id":"https:\/\/palaciogrilo.com\/en\/histoire\/#breadcrumb"},"inLanguage":"en-US","potentialAction":[{"@type":"ReadAction","target":["https:\/\/palaciogrilo.com\/en\/histoire\/"]}]},{"@type":"BreadcrumbList","@id":"https:\/\/palaciogrilo.com\/en\/histoire\/#breadcrumb","itemListElement":[{"@type":"ListItem","position":1,"name":"Home","item":"https:\/\/palaciogrilo.com\/en\/"},{"@type":"ListItem","position":2,"name":"History"}]}]}},"_links":{"self":[{"href":"https:\/\/palaciogrilo.com\/en\/wp-json\/wp\/v2\/pages\/1962"}],"collection":[{"href":"https:\/\/palaciogrilo.com\/en\/wp-json\/wp\/v2\/pages"}],"about":[{"href":"https:\/\/palaciogrilo.com\/en\/wp-json\/wp\/v2\/types\/page"}],"author":[{"embeddable":true,"href":"https:\/\/palaciogrilo.com\/en\/wp-json\/wp\/v2\/users\/1"}],"replies":[{"embeddable":true,"href":"https:\/\/palaciogrilo.com\/en\/wp-json\/wp\/v2\/comments?post=1962"}],"version-history":[{"count":2,"href":"https:\/\/palaciogrilo.com\/en\/wp-json\/wp\/v2\/pages\/1962\/revisions"}],"predecessor-version":[{"id":2231,"href":"https:\/\/palaciogrilo.com\/en\/wp-json\/wp\/v2\/pages\/1962\/revisions\/2231"}],"wp:attachment":[{"href":"https:\/\/palaciogrilo.com\/en\/wp-json\/wp\/v2\/media?parent=1962"}],"curies":[{"name":"wp","href":"https:\/\/api.w.org\/{rel}","templated":true}]}}