

{"id":2002,"date":"2022-04-14T08:43:31","date_gmt":"2022-04-14T07:43:31","guid":{"rendered":"https:\/\/palaciogrilo.com\/infos\/"},"modified":"2022-04-27T14:56:53","modified_gmt":"2022-04-27T13:56:53","slug":"infos","status":"publish","type":"page","link":"https:\/\/palaciogrilo.com\/en\/infos\/","title":{"rendered":"Information"},"content":{"rendered":"<div class=\"bm-builder clearfix \"><div id=\"\" class=\"module col-0 module-id-1650486420316\" data-module-col=\"0\"><div class=\"module-inside slider-inside post-0-2106\" style=\"--top-mod: 0px;--bottom-mod: 0px;--top-mod-m:0px;--bottom-mod-m:0px;\" ><div class=\"slider-mod-wrap slider-style1 slide-des-bottom-left slide-arrow-show-default \" ><div class=\"owl-carousel \" data-item=\"1\" data-mobileitem=\"1\" data-center=\"false\" data-margin=\"0\" data-marginmobile=\"0\" data-autowidth=\"false\" data-slideby=\"1\" data-showdot=\"true\" data-loop=\"true\" data-nav=\"false\" data-mousedrag=\"false\" data-mousewheel=\"false\" data-transition=\"300\" data-auto=\"false\" data-autoplayTimeout=\"5000\" data-autohide=\"false\" data-lazy=\"true\" data-random=\"false\" ><section class=\"item\" data-logocolor=\"a\" data-menucolor=\"a\" data-id=\"post-0-2106\"><div class=\"slide-item-wrap\"><div class=\"slide-item-des\"><div class=\"slide-item-des-wrap\"><\/div><\/div><div class=\"carousel-img-wrap ux-ajax-page-transition-link\" style=\"\"><img decoding=\"async\" src=\"data:image\/gif;base64,R0lGODlhAQABAIAAAAAAAP\/\/\/yH5BAEAAAAALAAAAAABAAEAAAIBRAA7\" data-src=\"https:\/\/palaciogrilo.com\/wp-content\/uploads\/2022\/04\/palacio-do-grilo-page-information.jpg\" alt=\"\" data-srcset=\"https:\/\/palaciogrilo.com\/wp-content\/uploads\/2022\/04\/palacio-do-grilo-page-information.jpg 1949w, https:\/\/palaciogrilo.com\/wp-content\/uploads\/2022\/04\/palacio-do-grilo-page-information-300x192.jpg 300w, https:\/\/palaciogrilo.com\/wp-content\/uploads\/2022\/04\/palacio-do-grilo-page-information-1024x655.jpg 1024w, https:\/\/palaciogrilo.com\/wp-content\/uploads\/2022\/04\/palacio-do-grilo-page-information-768x491.jpg 768w, https:\/\/palaciogrilo.com\/wp-content\/uploads\/2022\/04\/palacio-do-grilo-page-information-1536x982.jpg 1536w, https:\/\/palaciogrilo.com\/wp-content\/uploads\/2022\/04\/palacio-do-grilo-page-information-350x224.jpg 350w, https:\/\/palaciogrilo.com\/wp-content\/uploads\/2022\/04\/palacio-do-grilo-page-information-650x416.jpg 650w, https:\/\/palaciogrilo.com\/wp-content\/uploads\/2022\/04\/palacio-do-grilo-page-information-1000x639.jpg 1000w\" data-sizes=\"(max-width: 480px) 320px,(max-width: 767px) 500px,(max-width: 1949px) 100vw, 1949px\" class=\"grid-item-img owl-lazy lazy\" ><\/div><\/div><\/section><\/div><!--End owl --><\/div><\/div><\/div><div id=\"herotitle\" class=\"module col-12 module-id-1650486420976 col-offset-0\" data-module-col=\"12\"><div class=\"module-inside text-inside\" style=\"--top-mod: 0px;--bottom-mod: 0px;--top-mod-m:0px;--bottom-mod-m:0px;\" ><div class=\"text_block_out\"  data-effect=\"standard\" style=\"\"><div class=\"text_block ux-mod-nobg\"><div class=\"text_block_inn\"><div id=\"text-1650486420976\" class=\"text_block_centered text_block_centered_enable_width\"  style=\"\"><h2><span style=\"font-family: ux-font-1649885179906; font-size: 60px; color: #ffffff;\">Information<\/span><\/h2><\/div><\/div><\/div><\/div><\/div><\/div><div id=\"content-title\" class=\"module col-12 module-id-1650486421228 col-offset-0\" data-module-col=\"12\"><div class=\"module-inside text-inside\" style=\"--top-mod: 0px;--bottom-mod: 0px;--top-mod-m:0px;--bottom-mod-m:0px;\" ><div class=\"text_block_out\"  data-effect=\"standard\" style=\"\"><div class=\"text_block ux-mod-nobg\"><div class=\"text_block_inn\"><div id=\"text-1650486421228\" class=\"text_block_centered text_block_centered_enable_width\"  style=\"\"><h3><span style=\"font-family: ux-font-164988511978;\">All the practical information of the Palacio do Grilo<\/span><\/h3><\/div><\/div><\/div><\/div><\/div><\/div><div id=\"content-text\" class=\"module col-12 module-id-1650486421445 col-offset-0\" data-module-col=\"12\"><div class=\"module-inside text-inside\" style=\"--top-mod: 0px;--bottom-mod: 0px;--top-mod-m:0px;--bottom-mod-m:0px;\" ><div class=\"text_block_out\"  data-effect=\"standard\" style=\"\"><div class=\"text_block ux-mod-nobg\"><div class=\"text_block_inn\"><div id=\"text-1650486421445\" class=\"text_block_centered text_block_centered_enable_width\"  style=\"\"><p><strong>Schedule<\/strong><br>The Pal\u00e1cio do Grilo is open every day from 16:30pm to midnight.<\/p>\n<p>It is located in:<\/p>\n<p>&nbsp;<\/p>\n<p>Pal\u00e1cio do Grilo<\/p>\n<p>1 Cal\u00e7ada do Duque de Laf\u00f5es, 1950-207 Lisboa<\/p>\n<p>You can contact us (+351) 211 629 991 &#8211; contact@palaciogrilo.com<\/p>\n<p>&nbsp;<\/p>\n<p>It is possible to have a drink or to eat at any time, inside or in the garden.<\/p>\n<p><br>For lunch or dinner it is better to make a reservation, you can do it quickly in a few clicks online on our website.<\/p>\n<p>&nbsp;<\/p>\n<p>Artistic fee<br>Only in the evening for adults who dine, we charge a value of 5\u20ac including a glass of organic cava, for the sustainability of the artistic project.<\/p>\n<p><br>The approach of the project is presented in the page &#8220;the Palace&#8221;. The artistic component is more intensive in the evening during the dinner. <br>We propose a simplified menu during the day and evening for the garden part, and a more complete menu for the Palace part in the evening. You can view the menu on this page.<\/p>\n<p><br><strong>Getting to the Pal\u00e1cio<\/strong><\/p>\n<p><br>The Pal\u00e1cio do Grilo is located in the Beato district of Lisbon, next to the Taje in the Alfama district.<\/p>\n<p><u>By cab or car,<u><\/u><\/u><\/p>\n<p>The Palacio is 6 minutes from the Plaza do Comercio.<\/p>\n<p><u>By public transport<\/u><\/p>\n<p>Do Cais Sodr\u00e9 \/ time out &#8211; \u00d4nibus 728 &#8211; 781 &#8211; 782 &#8211; 15min<br>Da Pra\u00e7a do Com\u00e9rcio &#8211; \u00d4nibus 728 &#8211; 781 &#8211; 782 &#8211; 10min<br>Da Esta\u00e7\u00e3o de Santa Apol\u00f3nia &#8211; \u00d4nibus 728 &#8211; 781 &#8211; 782 &#8211; 10min<br>Enjoy the Beato District<\/p>\n<p><br>If you want to find out what you can do around the Pal\u00e1cio do Grilo, check out our Beato neighborhood recommendations guide.<br>Renting and Special Events<\/p>\n<p><br>If you would like to rent the Palace, or organize a special event in part or all of it, do not hesitate to contact us.<\/p><\/div><\/div><\/div><\/div><\/div><\/div><\/div>","protected":false},"excerpt":{"rendered":"<p>InformationAll the practical information of the Palacio do GriloScheduleThe Pal\u00e1cio &hellip;<\/p>\n","protected":false},"author":1,"featured_media":0,"parent":0,"menu_order":0,"comment_status":"closed","ping_status":"closed","template":"","meta":{"inline_featured_image":false,"_monsterinsights_skip_tracking":false,"_monsterinsights_sitenote_active":false,"_monsterinsights_sitenote_note":"","_monsterinsights_sitenote_category":0,"footnotes":""},"class_list":["post-2002","page","type-page","status-publish","hentry"],"acf":[],"yoast_head":"<!-- This site is optimized with the Yoast SEO plugin v18.6 - https:\/\/yoast.com\/wordpress\/plugins\/seo\/ -->\n<title>Palacio do Grilo - Information<\/title>\n<meta name=\"description\" content=\"All the practical information of the Palacio do Grilo\" \/>\n<meta name=\"robots\" content=\"index, follow, max-snippet:-1, max-image-preview:large, max-video-preview:-1\" \/>\n<link rel=\"canonical\" href=\"https:\/\/palaciogrilo.com\/en\/infos\/\" \/>\n<meta property=\"og:locale\" content=\"en_US\" \/>\n<meta property=\"og:type\" content=\"article\" \/>\n<meta property=\"og:title\" content=\"Palacio do Grilo - Information\" \/>\n<meta property=\"og:description\" content=\"All the practical information of the Palacio do Grilo\" \/>\n<meta property=\"og:url\" content=\"https:\/\/palaciogrilo.com\/en\/infos\/\" \/>\n<meta property=\"og:site_name\" content=\"Palacio do Grilo\" \/>\n<meta property=\"article:modified_time\" content=\"2022-04-27T13:56:53+00:00\" \/>\n<meta name=\"twitter:card\" content=\"summary_large_image\" \/>\n<script type=\"application\/ld+json\" class=\"yoast-schema-graph\">{\"@context\":\"https:\/\/schema.org\",\"@graph\":[{\"@type\":\"WebSite\",\"@id\":\"https:\/\/palaciogrilo.com\/en\/#website\",\"url\":\"https:\/\/palaciogrilo.com\/en\/\",\"name\":\"Palacio do Grilo\",\"description\":\"Palace and monuments in Lisbon\",\"potentialAction\":[{\"@type\":\"SearchAction\",\"target\":{\"@type\":\"EntryPoint\",\"urlTemplate\":\"https:\/\/palaciogrilo.com\/en\/?s={search_term_string}\"},\"query-input\":\"required name=search_term_string\"}],\"inLanguage\":\"en-US\"},{\"@type\":\"WebPage\",\"@id\":\"https:\/\/palaciogrilo.com\/en\/infos\/#webpage\",\"url\":\"https:\/\/palaciogrilo.com\/en\/infos\/\",\"name\":\"Palacio do Grilo - Information\",\"isPartOf\":{\"@id\":\"https:\/\/palaciogrilo.com\/en\/#website\"},\"datePublished\":\"2022-04-14T07:43:31+00:00\",\"dateModified\":\"2022-04-27T13:56:53+00:00\",\"description\":\"All the practical information of the Palacio do Grilo\",\"breadcrumb\":{\"@id\":\"https:\/\/palaciogrilo.com\/en\/infos\/#breadcrumb\"},\"inLanguage\":\"en-US\",\"potentialAction\":[{\"@type\":\"ReadAction\",\"target\":[\"https:\/\/palaciogrilo.com\/en\/infos\/\"]}]},{\"@type\":\"BreadcrumbList\",\"@id\":\"https:\/\/palaciogrilo.com\/en\/infos\/#breadcrumb\",\"itemListElement\":[{\"@type\":\"ListItem\",\"position\":1,\"name\":\"Home\",\"item\":\"https:\/\/palaciogrilo.com\/en\/\"},{\"@type\":\"ListItem\",\"position\":2,\"name\":\"Information\"}]}]}<\/script>\n<!-- \/ Yoast SEO plugin. -->","yoast_head_json":{"title":"Palacio do Grilo - Information","description":"All the practical information of the Palacio do Grilo","robots":{"index":"index","follow":"follow","max-snippet":"max-snippet:-1","max-image-preview":"max-image-preview:large","max-video-preview":"max-video-preview:-1"},"canonical":"https:\/\/palaciogrilo.com\/en\/infos\/","og_locale":"en_US","og_type":"article","og_title":"Palacio do Grilo - Information","og_description":"All the practical information of the Palacio do Grilo","og_url":"https:\/\/palaciogrilo.com\/en\/infos\/","og_site_name":"Palacio do Grilo","article_modified_time":"2022-04-27T13:56:53+00:00","twitter_card":"summary_large_image","schema":{"@context":"https:\/\/schema.org","@graph":[{"@type":"WebSite","@id":"https:\/\/palaciogrilo.com\/en\/#website","url":"https:\/\/palaciogrilo.com\/en\/","name":"Palacio do Grilo","description":"Palace and monuments in Lisbon","potentialAction":[{"@type":"SearchAction","target":{"@type":"EntryPoint","urlTemplate":"https:\/\/palaciogrilo.com\/en\/?s={search_term_string}"},"query-input":"required name=search_term_string"}],"inLanguage":"en-US"},{"@type":"WebPage","@id":"https:\/\/palaciogrilo.com\/en\/infos\/#webpage","url":"https:\/\/palaciogrilo.com\/en\/infos\/","name":"Palacio do Grilo - Information","isPartOf":{"@id":"https:\/\/palaciogrilo.com\/en\/#website"},"datePublished":"2022-04-14T07:43:31+00:00","dateModified":"2022-04-27T13:56:53+00:00","description":"All the practical information of the Palacio do Grilo","breadcrumb":{"@id":"https:\/\/palaciogrilo.com\/en\/infos\/#breadcrumb"},"inLanguage":"en-US","potentialAction":[{"@type":"ReadAction","target":["https:\/\/palaciogrilo.com\/en\/infos\/"]}]},{"@type":"BreadcrumbList","@id":"https:\/\/palaciogrilo.com\/en\/infos\/#breadcrumb","itemListElement":[{"@type":"ListItem","position":1,"name":"Home","item":"https:\/\/palaciogrilo.com\/en\/"},{"@type":"ListItem","position":2,"name":"Information"}]}]}},"_links":{"self":[{"href":"https:\/\/palaciogrilo.com\/en\/wp-json\/wp\/v2\/pages\/2002"}],"collection":[{"href":"https:\/\/palaciogrilo.com\/en\/wp-json\/wp\/v2\/pages"}],"about":[{"href":"https:\/\/palaciogrilo.com\/en\/wp-json\/wp\/v2\/types\/page"}],"author":[{"embeddable":true,"href":"https:\/\/palaciogrilo.com\/en\/wp-json\/wp\/v2\/users\/1"}],"replies":[{"embeddable":true,"href":"https:\/\/palaciogrilo.com\/en\/wp-json\/wp\/v2\/comments?post=2002"}],"version-history":[{"count":2,"href":"https:\/\/palaciogrilo.com\/en\/wp-json\/wp\/v2\/pages\/2002\/revisions"}],"predecessor-version":[{"id":2232,"href":"https:\/\/palaciogrilo.com\/en\/wp-json\/wp\/v2\/pages\/2002\/revisions\/2232"}],"wp:attachment":[{"href":"https:\/\/palaciogrilo.com\/en\/wp-json\/wp\/v2\/media?parent=2002"}],"curies":[{"name":"wp","href":"https:\/\/api.w.org\/{rel}","templated":true}]}}