

{"id":1823,"date":"2021-03-19T02:06:49","date_gmt":"2021-03-19T02:06:49","guid":{"rendered":"https:\/\/palaciogrilo.com\/libro\/"},"modified":"2026-01-30T17:43:43","modified_gmt":"2026-01-30T17:43:43","slug":"book-your-table","status":"publish","type":"page","link":"https:\/\/palaciogrilo.com\/es\/book-your-table\/","title":{"rendered":"Reserva"},"content":{"rendered":"<div class=\"bm-builder clearfix \"><div id=\"\" class=\"module col-0 module-id-1769795023613\" data-module-col=\"0\"><div class=\"module-inside slider-inside post-0-2121\" style=\"--top-mod: 0px;--bottom-mod: 0px;--top-mod-m:0px;--bottom-mod-m:0px;\" ><div class=\"slider-mod-wrap slider-style1 slide-des-bottom-left slide-arrow-show-default \" ><div class=\"owl-carousel \" data-item=\"1\" data-mobileitem=\"1\" data-center=\"false\" data-margin=\"0\" data-marginmobile=\"0\" data-autowidth=\"false\" data-slideby=\"1\" data-showdot=\"true\" data-loop=\"true\" data-nav=\"false\" data-mousedrag=\"false\" data-mousewheel=\"false\" data-transition=\"300\" data-auto=\"false\" data-autoplayTimeout=\"5000\" data-autohide=\"false\" data-lazy=\"true\" data-random=\"false\" ><section class=\"item\" data-logocolor=\"a\" data-menucolor=\"a\" data-id=\"post-0-2121\"><div class=\"slide-item-wrap\"><div class=\"slide-item-des\"><div class=\"slide-item-des-wrap\"><\/div><\/div><div class=\"carousel-img-wrap ux-ajax-page-transition-link\" style=\"\"><img decoding=\"async\" src=\"data:image\/gif;base64,R0lGODlhAQABAIAAAAAAAP\/\/\/yH5BAEAAAAALAAAAAABAAEAAAIBRAA7\" data-src=\"https:\/\/palaciogrilo.com\/wp-content\/uploads\/2022\/04\/Palacio-do-grilo-reservation-1-scaled.jpg\" alt=\"\" data-srcset=\"https:\/\/palaciogrilo.com\/wp-content\/uploads\/2022\/04\/Palacio-do-grilo-reservation-1-scaled.jpg 2560w, https:\/\/palaciogrilo.com\/wp-content\/uploads\/2022\/04\/Palacio-do-grilo-reservation-1-300x192.jpg 300w, https:\/\/palaciogrilo.com\/wp-content\/uploads\/2022\/04\/Palacio-do-grilo-reservation-1-1024x655.jpg 1024w, https:\/\/palaciogrilo.com\/wp-content\/uploads\/2022\/04\/Palacio-do-grilo-reservation-1-768x491.jpg 768w, https:\/\/palaciogrilo.com\/wp-content\/uploads\/2022\/04\/Palacio-do-grilo-reservation-1-1536x982.jpg 1536w, https:\/\/palaciogrilo.com\/wp-content\/uploads\/2022\/04\/Palacio-do-grilo-reservation-1-2048x1310.jpg 2048w, https:\/\/palaciogrilo.com\/wp-content\/uploads\/2022\/04\/Palacio-do-grilo-reservation-1-350x224.jpg 350w, https:\/\/palaciogrilo.com\/wp-content\/uploads\/2022\/04\/Palacio-do-grilo-reservation-1-650x416.jpg 650w, https:\/\/palaciogrilo.com\/wp-content\/uploads\/2022\/04\/Palacio-do-grilo-reservation-1-1000x639.jpg 1000w, https:\/\/palaciogrilo.com\/wp-content\/uploads\/2022\/04\/Palacio-do-grilo-reservation-1-2000x1279.jpg 2000w\" data-sizes=\"(max-width: 480px) 320px,(max-width: 767px) 500px,(max-width: 2560px) 100vw, 2560px\" class=\"grid-item-img owl-lazy lazy\" ><\/div><\/div><\/section><\/div><!--End owl --><\/div><\/div><\/div><div id=\"herotitle\" class=\"module col-12 module-id-1769795023729 col-offset-0\" data-module-col=\"12\"><div class=\"module-inside text-inside\" style=\"--top-mod: 0px;--bottom-mod: 0px;--top-mod-m:0px;--bottom-mod-m:0px;\" ><div class=\"text_block_out\"  data-effect=\"standard\" style=\"\"><div class=\"text_block ux-mod-nobg\"><div class=\"text_block_inn\"><div id=\"text-1769795023729\" class=\"text_block_centered text_block_centered_enable_width\"  style=\"\"><h2><span style=\"font-family: ux-font-1649885179906; font-size: 60px; color: #ffffff;\">Reserva<\/span><\/h2><\/div><\/div><\/div><\/div><\/div><\/div><div id=\"\" class=\"module col-12 module-id-1769795023783 col-offset-0\" data-module-col=\"12\"><div class=\"module-inside text-inside\" style=\"--top-mod: 0px;--bottom-mod: 0px;--top-mod-m:0px;--bottom-mod-m:0px;\" ><div class=\"text_block_out\"  data-effect=\"standard\" style=\"\"><div class=\"text_block ux-mod-nobg\"><div class=\"text_block_inn\"><div id=\"text-1769795023783\" class=\"text_block_centered text_block_centered_enable_width\"  style=\"\"><h3><span style=\"font-family: ux-font-164988511978;\">Manifesto Pal\u00e1cio do Grilo<br><\/span><\/h3>\n<p>&nbsp;<\/p>\n<p><strong>O Pal\u00e1cio prepara o seu pr\u00f3ximo cap\u00edtulo<\/strong><\/p>\n<p>&nbsp;<\/p>\n<p>H\u00e1 lugares que n\u00e3o se reinventam.<br>Evoluem.<\/p>\n<p>O Pal\u00e1cio do Grilo inicia um per\u00edodo de transforma\u00e7\u00e3o cuidadosamente pensado, no qual o servi\u00e7o regular do restaurante estar\u00e1 temporariamente suspenso para uma reestrutura\u00e7\u00e3o profunda e para o desenvolvimento de um novo projeto que elevar\u00e1 a experi\u00eancia deste espa\u00e7o hist\u00f3rico.<\/p>\n<p>Este n\u00e3o \u00e9 um encerramento.<br>\u00c9 um intervalo necess\u00e1rio para criar algo \u00e0 altura da sua hist\u00f3ria.<\/p>\n<p>Durante este per\u00edodo, o Pal\u00e1cio do Grilo permanece plenamente ativo:<\/p>\n<p>Continua\u00e7\u00e3o da realiza\u00e7\u00e3o de eventos privados e corporativos<\/p>\n<p>Atendimento de menus de grupo mediante reserva<\/p>\n<p>Programa\u00e7\u00f5es exclusivas em datas especiais ao longo do ano<\/p>\n<p>Nos bastidores, arquitetos, criadores e equipas trabalham em sil\u00eancio para dar forma a uma nova viv\u00eancia \u2014 mais imersiva, mais elegante, mais intemporal.<\/p>\n<p>A reabertura revelar\u00e1 n\u00e3o apenas um espa\u00e7o renovado, mas uma nova forma de habitar o Pal\u00e1cio.<\/p>\n<p>Quando as portas se abrirem novamente, ser\u00e1 para quem sabe esperar.<\/p>\n<p>&nbsp;<\/p>\n<p>&nbsp;<\/p><\/div><\/div><\/div><\/div><\/div><\/div><div id=\"none\" class=\"module col-12 module-id-1769795023829 col-offset-0\" data-module-col=\"12\"><div class=\"module-inside text-inside\" style=\"--top-mod: 0px;--bottom-mod: 0px;--top-mod-m:0px;--bottom-mod-m:0px;\" ><div class=\"text_block_out\"  data-effect=\"standard\" style=\"\"><div class=\"text_block ux-mod-nobg\"><div class=\"text_block_inn\"><div id=\"text-1769795023829\" class=\"text_block_centered text_block_centered_enable_width\"  style=\"\"><p>O Pal\u00e1cio abrir\u00e1 em 20 de Junho de 2020<br>Se desejar j\u00e1 pode reservar por e-mail contact@palaciogrilo.com ap\u00f3s esta data.<br>Dentro de alguns dias o nosso sistema de reservas online estar\u00e1 aberto.<\/p><\/div><\/div><\/div><\/div><\/div><\/div><\/div>","protected":false},"excerpt":{"rendered":"<p>ReservaManifesto Pal\u00e1cio do Grilo &nbsp; O Pal\u00e1cio prepara o seu &hellip;<\/p>\n","protected":false},"author":1,"featured_media":0,"parent":0,"menu_order":0,"comment_status":"closed","ping_status":"closed","template":"","meta":{"inline_featured_image":false,"_monsterinsights_skip_tracking":false,"_monsterinsights_sitenote_active":false,"_monsterinsights_sitenote_note":"","_monsterinsights_sitenote_category":0,"footnotes":""},"class_list":["post-1823","page","type-page","status-publish","hentry"],"acf":[],"yoast_head":"<!-- This site is optimized with the Yoast SEO plugin v18.6 - https:\/\/yoast.com\/wordpress\/plugins\/seo\/ -->\n<title>Palacio do Grilo - Reserva<\/title>\n<meta name=\"description\" content=\"Livro online para a noite e almo\u00e7o\" \/>\n<meta name=\"robots\" content=\"index, follow, max-snippet:-1, max-image-preview:large, max-video-preview:-1\" \/>\n<link rel=\"canonical\" href=\"https:\/\/palaciogrilo.com\/book-your-table\/\" \/>\n<meta property=\"og:locale\" content=\"es_ES\" \/>\n<meta property=\"og:type\" content=\"article\" \/>\n<meta property=\"og:title\" content=\"Palacio do Grilo - Reserva\" \/>\n<meta property=\"og:description\" content=\"Livro online para a noite e almo\u00e7o\" \/>\n<meta property=\"og:url\" content=\"https:\/\/palaciogrilo.com\/book-your-table\/\" \/>\n<meta property=\"og:site_name\" content=\"Palacio do Grilo\" \/>\n<meta property=\"article:modified_time\" content=\"2026-01-30T17:43:43+00:00\" \/>\n<meta name=\"twitter:card\" content=\"summary_large_image\" \/>\n<script type=\"application\/ld+json\" class=\"yoast-schema-graph\">{\"@context\":\"https:\/\/schema.org\",\"@graph\":[{\"@type\":\"WebSite\",\"@id\":\"https:\/\/palaciogrilo.com\/en\/#website\",\"url\":\"https:\/\/palaciogrilo.com\/en\/\",\"name\":\"Palacio do Grilo\",\"description\":\"Palace and monuments in Lisbon\",\"potentialAction\":[{\"@type\":\"SearchAction\",\"target\":{\"@type\":\"EntryPoint\",\"urlTemplate\":\"https:\/\/palaciogrilo.com\/en\/?s={search_term_string}\"},\"query-input\":\"required name=search_term_string\"}],\"inLanguage\":\"es\"},{\"@type\":\"WebPage\",\"@id\":\"https:\/\/palaciogrilo.com\/book-your-table\/#webpage\",\"url\":\"https:\/\/palaciogrilo.com\/book-your-table\/\",\"name\":\"Palacio do Grilo - Reserva\",\"isPartOf\":{\"@id\":\"https:\/\/palaciogrilo.com\/en\/#website\"},\"datePublished\":\"2021-03-19T02:06:49+00:00\",\"dateModified\":\"2026-01-30T17:43:43+00:00\",\"description\":\"Livro online para a noite e almo\u00e7o\",\"breadcrumb\":{\"@id\":\"https:\/\/palaciogrilo.com\/book-your-table\/#breadcrumb\"},\"inLanguage\":\"es\",\"potentialAction\":[{\"@type\":\"ReadAction\",\"target\":[\"https:\/\/palaciogrilo.com\/book-your-table\/\"]}]},{\"@type\":\"BreadcrumbList\",\"@id\":\"https:\/\/palaciogrilo.com\/book-your-table\/#breadcrumb\",\"itemListElement\":[{\"@type\":\"ListItem\",\"position\":1,\"name\":\"Home\",\"item\":\"https:\/\/palaciogrilo.com\/es\/\"},{\"@type\":\"ListItem\",\"position\":2,\"name\":\"Reserva\"}]}]}<\/script>\n<!-- \/ Yoast SEO plugin. -->","yoast_head_json":{"title":"Palacio do Grilo - Reserva","description":"Livro online para a noite e almo\u00e7o","robots":{"index":"index","follow":"follow","max-snippet":"max-snippet:-1","max-image-preview":"max-image-preview:large","max-video-preview":"max-video-preview:-1"},"canonical":"https:\/\/palaciogrilo.com\/book-your-table\/","og_locale":"es_ES","og_type":"article","og_title":"Palacio do Grilo - Reserva","og_description":"Livro online para a noite e almo\u00e7o","og_url":"https:\/\/palaciogrilo.com\/book-your-table\/","og_site_name":"Palacio do Grilo","article_modified_time":"2026-01-30T17:43:43+00:00","twitter_card":"summary_large_image","schema":{"@context":"https:\/\/schema.org","@graph":[{"@type":"WebSite","@id":"https:\/\/palaciogrilo.com\/en\/#website","url":"https:\/\/palaciogrilo.com\/en\/","name":"Palacio do Grilo","description":"Palace and monuments in Lisbon","potentialAction":[{"@type":"SearchAction","target":{"@type":"EntryPoint","urlTemplate":"https:\/\/palaciogrilo.com\/en\/?s={search_term_string}"},"query-input":"required name=search_term_string"}],"inLanguage":"es"},{"@type":"WebPage","@id":"https:\/\/palaciogrilo.com\/book-your-table\/#webpage","url":"https:\/\/palaciogrilo.com\/book-your-table\/","name":"Palacio do Grilo - Reserva","isPartOf":{"@id":"https:\/\/palaciogrilo.com\/en\/#website"},"datePublished":"2021-03-19T02:06:49+00:00","dateModified":"2026-01-30T17:43:43+00:00","description":"Livro online para a noite e almo\u00e7o","breadcrumb":{"@id":"https:\/\/palaciogrilo.com\/book-your-table\/#breadcrumb"},"inLanguage":"es","potentialAction":[{"@type":"ReadAction","target":["https:\/\/palaciogrilo.com\/book-your-table\/"]}]},{"@type":"BreadcrumbList","@id":"https:\/\/palaciogrilo.com\/book-your-table\/#breadcrumb","itemListElement":[{"@type":"ListItem","position":1,"name":"Home","item":"https:\/\/palaciogrilo.com\/es\/"},{"@type":"ListItem","position":2,"name":"Reserva"}]}]}},"_links":{"self":[{"href":"https:\/\/palaciogrilo.com\/es\/wp-json\/wp\/v2\/pages\/1823"}],"collection":[{"href":"https:\/\/palaciogrilo.com\/es\/wp-json\/wp\/v2\/pages"}],"about":[{"href":"https:\/\/palaciogrilo.com\/es\/wp-json\/wp\/v2\/types\/page"}],"author":[{"embeddable":true,"href":"https:\/\/palaciogrilo.com\/es\/wp-json\/wp\/v2\/users\/1"}],"replies":[{"embeddable":true,"href":"https:\/\/palaciogrilo.com\/es\/wp-json\/wp\/v2\/comments?post=1823"}],"version-history":[{"count":7,"href":"https:\/\/palaciogrilo.com\/es\/wp-json\/wp\/v2\/pages\/1823\/revisions"}],"predecessor-version":[{"id":3184,"href":"https:\/\/palaciogrilo.com\/es\/wp-json\/wp\/v2\/pages\/1823\/revisions\/3184"}],"wp:attachment":[{"href":"https:\/\/palaciogrilo.com\/es\/wp-json\/wp\/v2\/media?parent=1823"}],"curies":[{"name":"wp","href":"https:\/\/api.w.org\/{rel}","templated":true}]}}