

{"id":2010,"date":"2022-04-14T08:55:12","date_gmt":"2022-04-14T07:55:12","guid":{"rendered":"https:\/\/palaciogrilo.com\/historia\/"},"modified":"2022-04-27T16:03:14","modified_gmt":"2022-04-27T15:03:14","slug":"histoire","status":"publish","type":"page","link":"https:\/\/palaciogrilo.com\/es\/histoire\/","title":{"rendered":"Historia"},"content":{"rendered":"<div class=\"bm-builder clearfix \"><div id=\"\" class=\"module col-0 module-id-1651069371142\" data-module-col=\"0\"><div class=\"module-inside slider-inside post-0-454\" style=\"--top-mod: 0px;--bottom-mod: 0px;--top-mod-m:0px;--bottom-mod-m:0px;\" ><div class=\"slider-mod-wrap slider-style1 slide-des-bottom-left slide-arrow-show-default \" ><div class=\"owl-carousel \" data-item=\"1\" data-mobileitem=\"1\" data-center=\"false\" data-margin=\"0\" data-marginmobile=\"0\" data-autowidth=\"false\" data-slideby=\"1\" data-showdot=\"true\" data-loop=\"true\" data-nav=\"false\" data-mousedrag=\"false\" data-mousewheel=\"false\" data-transition=\"300\" data-auto=\"false\" data-autoplayTimeout=\"5000\" data-autohide=\"false\" data-lazy=\"true\" data-random=\"false\" ><section class=\"item\" data-logocolor=\"a\" data-menucolor=\"a\" data-id=\"post-0-454\"><div class=\"slide-item-wrap\"><div class=\"slide-item-des\"><div class=\"slide-item-des-wrap\"><\/div><\/div><div class=\"carousel-img-wrap ux-ajax-page-transition-link\" style=\"\"><img decoding=\"async\" src=\"data:image\/gif;base64,R0lGODlhAQABAIAAAAAAAP\/\/\/yH5BAEAAAAALAAAAAABAAEAAAIBRAA7\" data-src=\"https:\/\/palaciogrilo.com\/wp-content\/uploads\/2022\/04\/palacio-do-grilo-page-history.jpg\" alt=\"\" data-srcset=\"https:\/\/palaciogrilo.com\/wp-content\/uploads\/2022\/04\/palacio-do-grilo-page-history.jpg 1949w, https:\/\/palaciogrilo.com\/wp-content\/uploads\/2022\/04\/palacio-do-grilo-page-history-300x192.jpg 300w, https:\/\/palaciogrilo.com\/wp-content\/uploads\/2022\/04\/palacio-do-grilo-page-history-1024x655.jpg 1024w, https:\/\/palaciogrilo.com\/wp-content\/uploads\/2022\/04\/palacio-do-grilo-page-history-768x491.jpg 768w, https:\/\/palaciogrilo.com\/wp-content\/uploads\/2022\/04\/palacio-do-grilo-page-history-1536x982.jpg 1536w, https:\/\/palaciogrilo.com\/wp-content\/uploads\/2022\/04\/palacio-do-grilo-page-history-350x224.jpg 350w, https:\/\/palaciogrilo.com\/wp-content\/uploads\/2022\/04\/palacio-do-grilo-page-history-650x416.jpg 650w, https:\/\/palaciogrilo.com\/wp-content\/uploads\/2022\/04\/palacio-do-grilo-page-history-1000x639.jpg 1000w, https:\/\/palaciogrilo.com\/wp-content\/uploads\/2022\/04\/palacio-do-grilo-page-history-600x384.jpg 600w\" data-sizes=\"(max-width: 480px) 320px,(max-width: 767px) 500px,(max-width: 1949px) 100vw, 1949px\" class=\"grid-item-img owl-lazy lazy\" ><\/div><\/div><\/section><\/div><!--End owl --><\/div><\/div><\/div><div id=\"herotitle\" class=\"module col-12 module-id-1651069371820 col-offset-0\" data-module-col=\"12\"><div class=\"module-inside text-inside\" style=\"--top-mod: 0px;--bottom-mod: 0px;--top-mod-m:0px;--bottom-mod-m:0px;\" ><div class=\"text_block_out\"  data-effect=\"standard\" style=\"\"><div class=\"text_block ux-mod-nobg\"><div class=\"text_block_inn\"><div id=\"text-1651069371820\" class=\"text_block_centered text_block_centered_enable_width\"  style=\"\"><h2><span style=\"font-family: ux-font-1649885179906; font-size: 60px; color: #ffffff;\">Historia<\/span><\/h2><\/div><\/div><\/div><\/div><\/div><\/div><div id=\"\" class=\"module col-12 module-id-1651069372101 col-offset-0\" data-module-col=\"12\"><div class=\"module-inside text-inside\" style=\"--top-mod: 0px;--bottom-mod: 0px;--top-mod-m:0px;--bottom-mod-m:0px;\" ><div class=\"text_block_out\"  data-effect=\"standard\" style=\"\"><div class=\"text_block ux-mod-nobg\"><div class=\"text_block_inn\"><div id=\"text-1651069372101\" class=\"text_block_centered text_block_centered_enable_width\"  style=\"\"><h3><span style=\"font-family: ux-font-164988511978;\">D. Pedro concibi\u00f3 un mundo en el que \u00absu imaginaci\u00f3n, sus quimeras, sus fantasmagor\u00edas\u00bb se interponen en lo real.<\/span><\/h3><\/div><\/div><\/div><\/div><\/div><\/div><div id=\"\" class=\"module col-12 module-id-1651069372391 col-offset-0\" data-module-col=\"12\"><div class=\"module-inside text-inside\" style=\"--top-mod: 0px;--bottom-mod: 0px;--top-mod-m:0px;--bottom-mod-m:0px;\" ><div class=\"text_block_out\"  data-effect=\"standard\" style=\"\"><div class=\"text_block ux-mod-nobg\"><div class=\"text_block_inn\"><div id=\"text-1651069372391\" class=\"text_block_centered text_block_centered_enable_width\"  style=\"\"><p>El proyecto inicial<\/p>\n<p>D. Pedro de Bragan\u00e7a, llamado Pedro Henrique de Bragan\u00e7a Sousa Tavares Mascarenhas da Silva, (1718-1761), primer duque de Laf\u00f5es y descendiente ileg\u00edtimo del rey Pedro II, aunque primog\u00e9nito, vio su lugar en el trono y en el coraz\u00f3n de Mar\u00eda I ocupado por el futuro rey Pedro III.<br>En la noche de su uni\u00f3n, en el Pal\u00e1cio do Grilo, donde renaci\u00f3 su \u00absue\u00f1o de piedra y piedras entregadas como ofrenda a los sue\u00f1os\u00bb, en lugar de honrar el paso del carro nupcial iluminando su residencia, Pedro hizo apagar todas las velas. \u00bfQu\u00e9 descubri\u00f3 esa noche? \u00bfQu\u00e9 decisi\u00f3n tom\u00f3? \u00bfTen\u00eda ya la costumbre de colocar cerca de \u00e9l una peque\u00f1a jaula con un grillo? \u00bfNo hab\u00eda escrito ya, en el Diario de una construcci\u00f3n imaginaria, \u00abque no hay mejor invitaci\u00f3n al ensue\u00f1o que el canto de este insecto, vibraci\u00f3n del coraz\u00f3n, erotismo del alma y viol\u00edn del esp\u00edritu\u00bb?<\/p>\n<p>Desde ese d\u00eda, D. Pedro dedic\u00f3 su talento a su reino on\u00edrico.<\/p>\n<p>Ni siquiera la reconstrucci\u00f3n de Lisboa tras el terremoto (1755), de la que fue responsable, pareci\u00f3 molestarle tanto. Dibuj\u00f3 sus propios planos, tom\u00f3 la primera letra de su t\u00edtulo para dar al edificio principal la forma de una L, y contrat\u00f3 a los artistas m\u00e1s destacados de la \u00e9poca para crear \u00abun lugar que es tambi\u00e9n un no-lugar y que puede permitir que el alma levante el vuelo, lo cual es muy apropiado\u00bb.<\/p>\n<p>Este reino on\u00edrico se liber\u00f3 de alguna manera del mundo por la decepci\u00f3n de una uni\u00f3n imposible, un trono inaccesible, una ambici\u00f3n contradictoria. Para el se\u00f1or D. Pedro de Bragan\u00e7a, duque de Laf\u00f5es, conocido como \u00abdo Grilo\u00bb porque coleccionaba estos peque\u00f1os insectos cantores y disfrutaba multiplic\u00e1ndolos en sus jardines, era otro trono para otro reino.<\/p>\n<p>Su prematura muerte, a los 49 a\u00f1os, no permiti\u00f3 que el \u00abextraordinario constructor\u00bb, el \u00abso\u00f1ador de la piedra\u00bb y el \u00abviajero en la habitaci\u00f3n\u00bb se convirtiera en un \u00abmaestro en el arte de dormir\u00bb para ver su proyecto hecho realidad.<\/p>\n<p>El Cuaderno M\u00e1gico del Pal\u00e1cio do Grilo es una obra in\u00e9dita escrita por el primer duque de Laf\u00f5es, mientras preparaba los planos de su residencia principal entre 1745 y 1761. En cada p\u00e1gina del cuaderno se exponen los principios que abordar\u00eda cada habitaci\u00f3n del palacio, y se acompa\u00f1an sistem\u00e1ticamente de un peque\u00f1o salmo y de algunos bocetos.<br>El cuaderno m\u00e1gico es el \u00faltimo y \u00fanico vestigio de su proyecto para el Palacio de los Sue\u00f1os.<\/p>\n<p>La historia del Palacio de Grilo<br>\u00abEl Palacio de Grilo, perteneciente a los Duques de Laf\u00f5es, fue construido en los a\u00f1os posteriores al gran terremoto de 1755 por D. Jo\u00e3o Mascarenhas da Silva, 2\u00ba Duque en t\u00edtulo y fundador de la Academia de Ciencias.<br>El dise\u00f1o del Palacio sigue siendo incierto, aunque varios autores lo atribuyen al arquitecto Eug\u00e9nio dos Santos. Este grandioso proyecto pretend\u00eda transformar la peque\u00f1a finca de verano de los duques en su residencia permanente en la capital.<br>El espacio interior se distingue por los programas decorativos, de gran riqueza y erudici\u00f3n, a saber, los conjuntos de murales de Cirilo Wolkmar Machado, o los azulejos de los siglos XVIII y XIX, que integran las salas tem\u00e1ticas del palacio, como la Sala de la Academia, la Sala de Venus o la Sala China. La capilla rectangular contiene un retablo de madera dorada y policromada de la segunda mitad del siglo XVIII.<br>Catarina Oliveira<\/p><\/div><\/div><\/div><\/div><\/div><\/div><\/div>","protected":false},"excerpt":{"rendered":"<p>HistoriaD. Pedro concibi\u00f3 un mundo en el que \u00absu imaginaci\u00f3n, &hellip;<\/p>\n","protected":false},"author":1,"featured_media":0,"parent":0,"menu_order":0,"comment_status":"closed","ping_status":"closed","template":"","meta":{"inline_featured_image":false,"_monsterinsights_skip_tracking":false,"_monsterinsights_sitenote_active":false,"_monsterinsights_sitenote_note":"","_monsterinsights_sitenote_category":0,"footnotes":""},"class_list":["post-2010","page","type-page","status-publish","hentry"],"acf":[],"yoast_head":"<!-- This site is optimized with the Yoast SEO plugin v18.6 - https:\/\/yoast.com\/wordpress\/plugins\/seo\/ -->\n<title>Palacio do Grilo - Historia<\/title>\n<meta name=\"description\" content=\"Historia del Palacio do Grilo, palacio de Lisboa intacto desde hace 350 a\u00f1os.\" \/>\n<meta name=\"robots\" content=\"index, follow, max-snippet:-1, max-image-preview:large, max-video-preview:-1\" \/>\n<link rel=\"canonical\" href=\"https:\/\/palaciogrilo.com\/es\/histoire\/\" \/>\n<meta property=\"og:locale\" content=\"es_ES\" \/>\n<meta property=\"og:type\" content=\"article\" \/>\n<meta property=\"og:title\" content=\"Palacio do Grilo - Historia\" \/>\n<meta property=\"og:description\" content=\"Historia del Palacio do Grilo, palacio de Lisboa intacto desde hace 350 a\u00f1os.\" \/>\n<meta property=\"og:url\" content=\"https:\/\/palaciogrilo.com\/es\/histoire\/\" \/>\n<meta property=\"og:site_name\" content=\"Palacio do Grilo\" \/>\n<meta property=\"article:modified_time\" content=\"2022-04-27T15:03:14+00:00\" \/>\n<meta name=\"twitter:card\" content=\"summary_large_image\" \/>\n<script type=\"application\/ld+json\" class=\"yoast-schema-graph\">{\"@context\":\"https:\/\/schema.org\",\"@graph\":[{\"@type\":\"WebSite\",\"@id\":\"https:\/\/palaciogrilo.com\/en\/#website\",\"url\":\"https:\/\/palaciogrilo.com\/en\/\",\"name\":\"Palacio do Grilo\",\"description\":\"Palace and monuments in Lisbon\",\"potentialAction\":[{\"@type\":\"SearchAction\",\"target\":{\"@type\":\"EntryPoint\",\"urlTemplate\":\"https:\/\/palaciogrilo.com\/en\/?s={search_term_string}\"},\"query-input\":\"required name=search_term_string\"}],\"inLanguage\":\"es\"},{\"@type\":\"WebPage\",\"@id\":\"https:\/\/palaciogrilo.com\/es\/histoire\/#webpage\",\"url\":\"https:\/\/palaciogrilo.com\/es\/histoire\/\",\"name\":\"Palacio do Grilo - Historia\",\"isPartOf\":{\"@id\":\"https:\/\/palaciogrilo.com\/en\/#website\"},\"datePublished\":\"2022-04-14T07:55:12+00:00\",\"dateModified\":\"2022-04-27T15:03:14+00:00\",\"description\":\"Historia del Palacio do Grilo, palacio de Lisboa intacto desde hace 350 a\u00f1os.\",\"breadcrumb\":{\"@id\":\"https:\/\/palaciogrilo.com\/es\/histoire\/#breadcrumb\"},\"inLanguage\":\"es\",\"potentialAction\":[{\"@type\":\"ReadAction\",\"target\":[\"https:\/\/palaciogrilo.com\/es\/histoire\/\"]}]},{\"@type\":\"BreadcrumbList\",\"@id\":\"https:\/\/palaciogrilo.com\/es\/histoire\/#breadcrumb\",\"itemListElement\":[{\"@type\":\"ListItem\",\"position\":1,\"name\":\"Home\",\"item\":\"https:\/\/palaciogrilo.com\/es\/\"},{\"@type\":\"ListItem\",\"position\":2,\"name\":\"Historia\"}]}]}<\/script>\n<!-- \/ Yoast SEO plugin. -->","yoast_head_json":{"title":"Palacio do Grilo - Historia","description":"Historia del Palacio do Grilo, palacio de Lisboa intacto desde hace 350 a\u00f1os.","robots":{"index":"index","follow":"follow","max-snippet":"max-snippet:-1","max-image-preview":"max-image-preview:large","max-video-preview":"max-video-preview:-1"},"canonical":"https:\/\/palaciogrilo.com\/es\/histoire\/","og_locale":"es_ES","og_type":"article","og_title":"Palacio do Grilo - Historia","og_description":"Historia del Palacio do Grilo, palacio de Lisboa intacto desde hace 350 a\u00f1os.","og_url":"https:\/\/palaciogrilo.com\/es\/histoire\/","og_site_name":"Palacio do Grilo","article_modified_time":"2022-04-27T15:03:14+00:00","twitter_card":"summary_large_image","schema":{"@context":"https:\/\/schema.org","@graph":[{"@type":"WebSite","@id":"https:\/\/palaciogrilo.com\/en\/#website","url":"https:\/\/palaciogrilo.com\/en\/","name":"Palacio do Grilo","description":"Palace and monuments in Lisbon","potentialAction":[{"@type":"SearchAction","target":{"@type":"EntryPoint","urlTemplate":"https:\/\/palaciogrilo.com\/en\/?s={search_term_string}"},"query-input":"required name=search_term_string"}],"inLanguage":"es"},{"@type":"WebPage","@id":"https:\/\/palaciogrilo.com\/es\/histoire\/#webpage","url":"https:\/\/palaciogrilo.com\/es\/histoire\/","name":"Palacio do Grilo - Historia","isPartOf":{"@id":"https:\/\/palaciogrilo.com\/en\/#website"},"datePublished":"2022-04-14T07:55:12+00:00","dateModified":"2022-04-27T15:03:14+00:00","description":"Historia del Palacio do Grilo, palacio de Lisboa intacto desde hace 350 a\u00f1os.","breadcrumb":{"@id":"https:\/\/palaciogrilo.com\/es\/histoire\/#breadcrumb"},"inLanguage":"es","potentialAction":[{"@type":"ReadAction","target":["https:\/\/palaciogrilo.com\/es\/histoire\/"]}]},{"@type":"BreadcrumbList","@id":"https:\/\/palaciogrilo.com\/es\/histoire\/#breadcrumb","itemListElement":[{"@type":"ListItem","position":1,"name":"Home","item":"https:\/\/palaciogrilo.com\/es\/"},{"@type":"ListItem","position":2,"name":"Historia"}]}]}},"_links":{"self":[{"href":"https:\/\/palaciogrilo.com\/es\/wp-json\/wp\/v2\/pages\/2010"}],"collection":[{"href":"https:\/\/palaciogrilo.com\/es\/wp-json\/wp\/v2\/pages"}],"about":[{"href":"https:\/\/palaciogrilo.com\/es\/wp-json\/wp\/v2\/types\/page"}],"author":[{"embeddable":true,"href":"https:\/\/palaciogrilo.com\/es\/wp-json\/wp\/v2\/users\/1"}],"replies":[{"embeddable":true,"href":"https:\/\/palaciogrilo.com\/es\/wp-json\/wp\/v2\/comments?post=2010"}],"version-history":[{"count":4,"href":"https:\/\/palaciogrilo.com\/es\/wp-json\/wp\/v2\/pages\/2010\/revisions"}],"predecessor-version":[{"id":2328,"href":"https:\/\/palaciogrilo.com\/es\/wp-json\/wp\/v2\/pages\/2010\/revisions\/2328"}],"wp:attachment":[{"href":"https:\/\/palaciogrilo.com\/es\/wp-json\/wp\/v2\/media?parent=2010"}],"curies":[{"name":"wp","href":"https:\/\/api.w.org\/{rel}","templated":true}]}}