

{"id":2014,"date":"2022-04-14T08:43:31","date_gmt":"2022-04-14T07:43:31","guid":{"rendered":"https:\/\/palaciogrilo.com\/info\/"},"modified":"2022-04-27T16:05:24","modified_gmt":"2022-04-27T15:05:24","slug":"infos","status":"publish","type":"page","link":"https:\/\/palaciogrilo.com\/es\/infos\/","title":{"rendered":"Informaci\u00f3n"},"content":{"rendered":"<div class=\"bm-builder clearfix \"><div id=\"\" class=\"module col-0 module-id-1651069639208\" data-module-col=\"0\"><div class=\"module-inside slider-inside post-0-2105\" style=\"--top-mod: 0px;--bottom-mod: 0px;--top-mod-m:0px;--bottom-mod-m:0px;\" ><div class=\"slider-mod-wrap slider-style1 slide-des-bottom-left slide-arrow-show-default \" ><div class=\"owl-carousel \" data-item=\"1\" data-mobileitem=\"1\" data-center=\"false\" data-margin=\"0\" data-marginmobile=\"0\" data-autowidth=\"false\" data-slideby=\"1\" data-showdot=\"true\" data-loop=\"true\" data-nav=\"false\" data-mousedrag=\"false\" data-mousewheel=\"false\" data-transition=\"300\" data-auto=\"false\" data-autoplayTimeout=\"5000\" data-autohide=\"false\" data-lazy=\"true\" data-random=\"false\" ><section class=\"item\" data-logocolor=\"a\" data-menucolor=\"a\" data-id=\"post-0-2105\"><div class=\"slide-item-wrap\"><div class=\"slide-item-des\"><div class=\"slide-item-des-wrap\"><\/div><\/div><div class=\"carousel-img-wrap ux-ajax-page-transition-link\" style=\"\"><img decoding=\"async\" src=\"data:image\/gif;base64,R0lGODlhAQABAIAAAAAAAP\/\/\/yH5BAEAAAAALAAAAAABAAEAAAIBRAA7\" data-src=\"https:\/\/palaciogrilo.com\/wp-content\/uploads\/2022\/04\/palacio-do-grilo-page-information.jpg\" alt=\"\" data-srcset=\"https:\/\/palaciogrilo.com\/wp-content\/uploads\/2022\/04\/palacio-do-grilo-page-information.jpg 1949w, https:\/\/palaciogrilo.com\/wp-content\/uploads\/2022\/04\/palacio-do-grilo-page-information-300x192.jpg 300w, https:\/\/palaciogrilo.com\/wp-content\/uploads\/2022\/04\/palacio-do-grilo-page-information-1024x655.jpg 1024w, https:\/\/palaciogrilo.com\/wp-content\/uploads\/2022\/04\/palacio-do-grilo-page-information-768x491.jpg 768w, https:\/\/palaciogrilo.com\/wp-content\/uploads\/2022\/04\/palacio-do-grilo-page-information-1536x982.jpg 1536w, https:\/\/palaciogrilo.com\/wp-content\/uploads\/2022\/04\/palacio-do-grilo-page-information-350x224.jpg 350w, https:\/\/palaciogrilo.com\/wp-content\/uploads\/2022\/04\/palacio-do-grilo-page-information-arttheme-standard-thumb-650x416.jpg 650w, https:\/\/palaciogrilo.com\/wp-content\/uploads\/2022\/04\/palacio-do-grilo-page-information-arttheme-standard-thumb-medium-1000x639.jpg 1000w\" data-sizes=\"(max-width: 480px) 320px,(max-width: 767px) 500px,(max-width: 1949px) 100vw, 1949px\" class=\"grid-item-img owl-lazy lazy\" ><\/div><\/div><\/section><\/div><!--End owl --><\/div><\/div><\/div><div id=\"herotitle\" class=\"module col-12 module-id-1651069639913 col-offset-0\" data-module-col=\"12\"><div class=\"module-inside text-inside\" style=\"--top-mod: 0px;--bottom-mod: 0px;--top-mod-m:0px;--bottom-mod-m:0px;\" ><div class=\"text_block_out\"  data-effect=\"standard\" style=\"\"><div class=\"text_block ux-mod-nobg\"><div class=\"text_block_inn\"><div id=\"text-1651069639913\" class=\"text_block_centered text_block_centered_enable_width\"  style=\"\"><h2><span style=\"font-family: ux-font-1649885179906; font-size: 60px; color: #ffffff;\">Informaci\u00f3n<\/span><\/h2><\/div><\/div><\/div><\/div><\/div><\/div><div id=\"content-title\" class=\"module col-12 module-id-1651069640215 col-offset-0\" data-module-col=\"12\"><div class=\"module-inside text-inside\" style=\"--top-mod: 0px;--bottom-mod: 0px;--top-mod-m:0px;--bottom-mod-m:0px;\" ><div class=\"text_block_out\"  data-effect=\"standard\" style=\"\"><div class=\"text_block ux-mod-nobg\"><div class=\"text_block_inn\"><div id=\"text-1651069640215\" class=\"text_block_centered text_block_centered_enable_width\"  style=\"\"><h3><span style=\"font-family: ux-font-164988511978;\">Toda la informaci\u00f3n pr\u00e1ctica del Palacio do Grilo<\/span><\/h3><\/div><\/div><\/div><\/div><\/div><\/div><div id=\"content-text\" class=\"module col-12 module-id-1651069640517 col-offset-0\" data-module-col=\"12\"><div class=\"module-inside text-inside\" style=\"--top-mod: 0px;--bottom-mod: 0px;--top-mod-m:0px;--bottom-mod-m:0px;\" ><div class=\"text_block_out\"  data-effect=\"standard\" style=\"\"><div class=\"text_block ux-mod-nobg\"><div class=\"text_block_inn\"><div id=\"text-1651069640517\" class=\"text_block_centered text_block_centered_enable_width\"  style=\"\"><p><strong>Horario<\/strong><br>El Palacio do Grilo est\u00e1 abierto todos los d\u00edas de 16:30 a 24 horas.<br>Se encuentra en:<\/p>\n<p>&nbsp;<\/p>\n<p>Pal\u00e1cio do Grilo 1 Cal\u00e7ada do Duque de Laf\u00f5es,<\/p>\n<p>1950-207 Lisboa<\/p>\n<p>Puede contactar con nosotros (+351) 211 629 991 &#8211; contact@palaciogrilo.com<\/p>\n<p><br>Es posible tomar una bebida o comer en cualquier momento, dentro o en el jard\u00edn.<\/p>\n<p>&nbsp;<\/p>\n<p>Cubierto art\u00edstico<br>S\u00f3lo en la noche para los adultos que cenan, cobramos un valor de 5\u20ac incluyendo una copa de cava org\u00e1nico, para la sostenibilidad del proyecto art\u00edstico.<\/p>\n<p><br>Para el almuerzo o la cena es mejor hacer una reserva, puede hacerlo r\u00e1pidamente en unos pocos clics en l\u00ednea en nuestro sitio web.<\/p>\n<p><br>El enfoque del proyecto se presenta en la p\u00e1gina \u00abel Palacio\u00bb. El componente art\u00edstico es m\u00e1s intenso por la noche durante la cena. <br>Proponemos un men\u00fa simplificado durante el d\u00eda y la noche para la parte del jard\u00edn, y un men\u00fa m\u00e1s completo para la parte del Palacio por la noche. Puede ver el men\u00fa en esta p\u00e1gina.<\/p>\n<p><br><strong>C\u00f3mo llegar al Palacio<\/strong><\/p>\n<p><br>El Pal\u00e1cio do Grilo se encuentra en el barrio de Beato de Lisboa, junto al Taje en el barrio de Alfama.<\/p>\n<p>&nbsp;<\/p>\n<p><u>En taxi o en coche,<\/u><\/p>\n<p>el Palacio est\u00e1 a 6 minutos de la Plaza do Comercio.<\/p>\n<p>&nbsp;<\/p>\n<p><u>En transporte p\u00fablico<\/u><\/p>\n<p>Do Cais Sodr\u00e9 \/ time out &#8211; \u00d4nibus 728 &#8211; 781 &#8211; 782 &#8211; 15min<br>Da Pra\u00e7a do Com\u00e9rcio &#8211; \u00d4nibus 728 &#8211; 781 &#8211; 782 &#8211; 10min<br>Da Esta\u00e7\u00e3o de Santa Apol\u00f3nia &#8211; \u00d4nibus 728 &#8211; 781 &#8211; 782 &#8211; 10min<br>Disfrute del Barrio Beato<\/p>\n<p><br>Si quiere saber qu\u00e9 puede hacer en los alrededores del Pal\u00e1cio do Grilo, consulte nuestra gu\u00eda de recomendaciones del barrio de Beato.<br>Alquiler y eventos especiales<\/p>\n<p><br>Si desea alquilar el Palacio o organizar un evento especial en parte o en su totalidad, no dude en ponerse en contacto con nosotros.<\/p><\/div><\/div><\/div><\/div><\/div><\/div><\/div>","protected":false},"excerpt":{"rendered":"<p>Todas as informa\u00e7\u00f5es pr\u00e1ticas sobre o Pal\u00e1cio do Grilo<\/p>\n","protected":false},"author":1,"featured_media":0,"parent":0,"menu_order":0,"comment_status":"closed","ping_status":"closed","template":"","meta":{"inline_featured_image":false,"_monsterinsights_skip_tracking":false,"_monsterinsights_sitenote_active":false,"_monsterinsights_sitenote_note":"","_monsterinsights_sitenote_category":0,"footnotes":""},"class_list":["post-2014","page","type-page","status-publish","hentry"],"acf":[],"yoast_head":"<!-- This site is optimized with the Yoast SEO plugin v18.6 - https:\/\/yoast.com\/wordpress\/plugins\/seo\/ -->\n<title>Palacio do Grilo - Informaci\u00f3n<\/title>\n<meta name=\"description\" content=\"Toda la informaci\u00f3n pr\u00e1ctica del Palacio do Grilo\" \/>\n<meta name=\"robots\" content=\"index, follow, max-snippet:-1, max-image-preview:large, max-video-preview:-1\" \/>\n<link rel=\"canonical\" href=\"https:\/\/palaciogrilo.com\/es\/infos\/\" \/>\n<meta property=\"og:locale\" content=\"es_ES\" \/>\n<meta property=\"og:type\" content=\"article\" \/>\n<meta property=\"og:title\" content=\"Palacio do Grilo - Informaci\u00f3n\" \/>\n<meta property=\"og:description\" content=\"Toda la informaci\u00f3n pr\u00e1ctica del Palacio do Grilo\" \/>\n<meta property=\"og:url\" content=\"https:\/\/palaciogrilo.com\/es\/infos\/\" \/>\n<meta property=\"og:site_name\" content=\"Palacio do Grilo\" \/>\n<meta property=\"article:modified_time\" content=\"2022-04-27T15:05:24+00:00\" \/>\n<meta name=\"twitter:card\" content=\"summary_large_image\" \/>\n<script type=\"application\/ld+json\" class=\"yoast-schema-graph\">{\"@context\":\"https:\/\/schema.org\",\"@graph\":[{\"@type\":\"WebSite\",\"@id\":\"https:\/\/palaciogrilo.com\/en\/#website\",\"url\":\"https:\/\/palaciogrilo.com\/en\/\",\"name\":\"Palacio do Grilo\",\"description\":\"Palace and monuments in Lisbon\",\"potentialAction\":[{\"@type\":\"SearchAction\",\"target\":{\"@type\":\"EntryPoint\",\"urlTemplate\":\"https:\/\/palaciogrilo.com\/en\/?s={search_term_string}\"},\"query-input\":\"required name=search_term_string\"}],\"inLanguage\":\"es\"},{\"@type\":\"WebPage\",\"@id\":\"https:\/\/palaciogrilo.com\/es\/infos\/#webpage\",\"url\":\"https:\/\/palaciogrilo.com\/es\/infos\/\",\"name\":\"Palacio do Grilo - Informaci\u00f3n\",\"isPartOf\":{\"@id\":\"https:\/\/palaciogrilo.com\/en\/#website\"},\"datePublished\":\"2022-04-14T07:43:31+00:00\",\"dateModified\":\"2022-04-27T15:05:24+00:00\",\"description\":\"Toda la informaci\u00f3n pr\u00e1ctica del Palacio do Grilo\",\"breadcrumb\":{\"@id\":\"https:\/\/palaciogrilo.com\/es\/infos\/#breadcrumb\"},\"inLanguage\":\"es\",\"potentialAction\":[{\"@type\":\"ReadAction\",\"target\":[\"https:\/\/palaciogrilo.com\/es\/infos\/\"]}]},{\"@type\":\"BreadcrumbList\",\"@id\":\"https:\/\/palaciogrilo.com\/es\/infos\/#breadcrumb\",\"itemListElement\":[{\"@type\":\"ListItem\",\"position\":1,\"name\":\"Home\",\"item\":\"https:\/\/palaciogrilo.com\/es\/\"},{\"@type\":\"ListItem\",\"position\":2,\"name\":\"Informaci\u00f3n\"}]}]}<\/script>\n<!-- \/ Yoast SEO plugin. -->","yoast_head_json":{"title":"Palacio do Grilo - Informaci\u00f3n","description":"Toda la informaci\u00f3n pr\u00e1ctica del Palacio do Grilo","robots":{"index":"index","follow":"follow","max-snippet":"max-snippet:-1","max-image-preview":"max-image-preview:large","max-video-preview":"max-video-preview:-1"},"canonical":"https:\/\/palaciogrilo.com\/es\/infos\/","og_locale":"es_ES","og_type":"article","og_title":"Palacio do Grilo - Informaci\u00f3n","og_description":"Toda la informaci\u00f3n pr\u00e1ctica del Palacio do Grilo","og_url":"https:\/\/palaciogrilo.com\/es\/infos\/","og_site_name":"Palacio do Grilo","article_modified_time":"2022-04-27T15:05:24+00:00","twitter_card":"summary_large_image","schema":{"@context":"https:\/\/schema.org","@graph":[{"@type":"WebSite","@id":"https:\/\/palaciogrilo.com\/en\/#website","url":"https:\/\/palaciogrilo.com\/en\/","name":"Palacio do Grilo","description":"Palace and monuments in Lisbon","potentialAction":[{"@type":"SearchAction","target":{"@type":"EntryPoint","urlTemplate":"https:\/\/palaciogrilo.com\/en\/?s={search_term_string}"},"query-input":"required name=search_term_string"}],"inLanguage":"es"},{"@type":"WebPage","@id":"https:\/\/palaciogrilo.com\/es\/infos\/#webpage","url":"https:\/\/palaciogrilo.com\/es\/infos\/","name":"Palacio do Grilo - Informaci\u00f3n","isPartOf":{"@id":"https:\/\/palaciogrilo.com\/en\/#website"},"datePublished":"2022-04-14T07:43:31+00:00","dateModified":"2022-04-27T15:05:24+00:00","description":"Toda la informaci\u00f3n pr\u00e1ctica del Palacio do Grilo","breadcrumb":{"@id":"https:\/\/palaciogrilo.com\/es\/infos\/#breadcrumb"},"inLanguage":"es","potentialAction":[{"@type":"ReadAction","target":["https:\/\/palaciogrilo.com\/es\/infos\/"]}]},{"@type":"BreadcrumbList","@id":"https:\/\/palaciogrilo.com\/es\/infos\/#breadcrumb","itemListElement":[{"@type":"ListItem","position":1,"name":"Home","item":"https:\/\/palaciogrilo.com\/es\/"},{"@type":"ListItem","position":2,"name":"Informaci\u00f3n"}]}]}},"_links":{"self":[{"href":"https:\/\/palaciogrilo.com\/es\/wp-json\/wp\/v2\/pages\/2014"}],"collection":[{"href":"https:\/\/palaciogrilo.com\/es\/wp-json\/wp\/v2\/pages"}],"about":[{"href":"https:\/\/palaciogrilo.com\/es\/wp-json\/wp\/v2\/types\/page"}],"author":[{"embeddable":true,"href":"https:\/\/palaciogrilo.com\/es\/wp-json\/wp\/v2\/users\/1"}],"replies":[{"embeddable":true,"href":"https:\/\/palaciogrilo.com\/es\/wp-json\/wp\/v2\/comments?post=2014"}],"version-history":[{"count":5,"href":"https:\/\/palaciogrilo.com\/es\/wp-json\/wp\/v2\/pages\/2014\/revisions"}],"predecessor-version":[{"id":2329,"href":"https:\/\/palaciogrilo.com\/es\/wp-json\/wp\/v2\/pages\/2014\/revisions\/2329"}],"wp:attachment":[{"href":"https:\/\/palaciogrilo.com\/es\/wp-json\/wp\/v2\/media?parent=2014"}],"curies":[{"name":"wp","href":"https:\/\/api.w.org\/{rel}","templated":true}]}}