

{"id":1815,"date":"2021-11-25T08:48:45","date_gmt":"2021-11-25T08:48:45","guid":{"rendered":"https:\/\/palaciogrilo.com\/agence\/"},"modified":"2022-06-14T23:12:11","modified_gmt":"2022-06-14T22:12:11","slug":"agency-2","status":"publish","type":"page","link":"https:\/\/palaciogrilo.com\/fr\/","title":{"rendered":"Domicile"},"content":{"rendered":"<div class=\"bm-builder clearfix \"><div id=\"\" class=\"module col-0 module-id-1651068918372\" data-module-col=\"0\"><div class=\"module-inside slider-inside post-0-336\" style=\"--top-mod: 0px;--bottom-mod: 0px;--top-mod-m:0px;--bottom-mod-m:0px;\" ><div class=\"slider-mod-wrap slider-style1 slide-des-bottom-left slide-arrow-show-default \" ><div class=\"owl-carousel \" data-item=\"1\" data-mobileitem=\"1\" data-center=\"false\" data-margin=\"0\" data-marginmobile=\"0\" data-autowidth=\"false\" data-slideby=\"1\" data-showdot=\"true\" data-loop=\"true\" data-nav=\"false\" data-animateout=\"fadeOut\" data-animatein=\"fadeIn\" data-mousedrag=\"false\" data-mousewheel=\"false\" data-transition=\"1200\" data-auto=\"true\" data-autoplayTimeout=\"3000\" data-autohide=\"false\" data-lazy=\"true\" data-random=\"false\" ><section class=\"item\" data-logocolor=\"alt-logo\" data-menucolor=\"alt-menu\" data-id=\"post-0-336\"><div class=\"slide-item-wrap\"><div class=\"slide-item-des\"><div class=\"slide-item-des-wrap\"><\/div><\/div><div class=\"carousel-img-wrap ux-ajax-page-transition-link\" style=\"\"><a href=\"#\" class=\"slider-item-link\" title=\"palacio-do-grilo-slide1\" rel=\" \"><img decoding=\"async\" src=\"data:image\/gif;base64,R0lGODlhAQABAIAAAAAAAP\/\/\/yH5BAEAAAAALAAAAAABAAEAAAIBRAA7\" data-src=\"https:\/\/palaciogrilo.com\/wp-content\/uploads\/2022\/04\/palacio-do-grilo-slide1.jpg\" alt=\"\" data-srcset=\"https:\/\/palaciogrilo.com\/wp-content\/uploads\/2022\/04\/palacio-do-grilo-slide1.jpg 1941w, https:\/\/palaciogrilo.com\/wp-content\/uploads\/2022\/04\/palacio-do-grilo-slide1-600x338.jpg 600w, https:\/\/palaciogrilo.com\/wp-content\/uploads\/2022\/04\/palacio-do-grilo-slide1-300x169.jpg 300w, https:\/\/palaciogrilo.com\/wp-content\/uploads\/2022\/04\/palacio-do-grilo-slide1-1024x576.jpg 1024w, https:\/\/palaciogrilo.com\/wp-content\/uploads\/2022\/04\/palacio-do-grilo-slide1-768x432.jpg 768w, https:\/\/palaciogrilo.com\/wp-content\/uploads\/2022\/04\/palacio-do-grilo-slide1-1536x864.jpg 1536w, https:\/\/palaciogrilo.com\/wp-content\/uploads\/2022\/04\/palacio-do-grilo-slide1-350x197.jpg 350w, https:\/\/palaciogrilo.com\/wp-content\/uploads\/2022\/04\/palacio-do-grilo-slide1-650x366.jpg 650w, https:\/\/palaciogrilo.com\/wp-content\/uploads\/2022\/04\/palacio-do-grilo-slide1-1000x563.jpg 1000w, https:\/\/palaciogrilo.com\/wp-content\/uploads\/2022\/04\/palacio-do-grilo-slide1-800x450.jpg 800w\" data-sizes=\"(max-width: 480px) 320px,(max-width: 767px) 500px,(max-width: 1941px) 100vw, 1941px\" class=\"grid-item-img owl-lazy lazy\" ><\/a><\/div><\/div><\/section><section class=\"item\" data-logocolor=\"alt-logo\" data-menucolor=\"alt-menu\" data-id=\"post-1-337\"><div class=\"slide-item-wrap\"><div class=\"slide-item-des\"><div class=\"slide-item-des-wrap\"><\/div><\/div><div class=\"carousel-img-wrap ux-ajax-page-transition-link\" style=\"\"><a href=\"#\" class=\"slider-item-link\" title=\"palacio-do-grilo-slide2\" rel=\" \"><img decoding=\"async\" src=\"data:image\/gif;base64,R0lGODlhAQABAIAAAAAAAP\/\/\/yH5BAEAAAAALAAAAAABAAEAAAIBRAA7\" data-src=\"https:\/\/palaciogrilo.com\/wp-content\/uploads\/2022\/04\/palacio-do-grilo-slide2.jpg\" alt=\"\" data-srcset=\"https:\/\/palaciogrilo.com\/wp-content\/uploads\/2022\/04\/palacio-do-grilo-slide2.jpg 1941w, https:\/\/palaciogrilo.com\/wp-content\/uploads\/2022\/04\/palacio-do-grilo-slide2-600x338.jpg 600w, https:\/\/palaciogrilo.com\/wp-content\/uploads\/2022\/04\/palacio-do-grilo-slide2-300x169.jpg 300w, https:\/\/palaciogrilo.com\/wp-content\/uploads\/2022\/04\/palacio-do-grilo-slide2-1024x576.jpg 1024w, https:\/\/palaciogrilo.com\/wp-content\/uploads\/2022\/04\/palacio-do-grilo-slide2-768x432.jpg 768w, https:\/\/palaciogrilo.com\/wp-content\/uploads\/2022\/04\/palacio-do-grilo-slide2-1536x864.jpg 1536w, https:\/\/palaciogrilo.com\/wp-content\/uploads\/2022\/04\/palacio-do-grilo-slide2-350x197.jpg 350w, https:\/\/palaciogrilo.com\/wp-content\/uploads\/2022\/04\/palacio-do-grilo-slide2-650x366.jpg 650w, https:\/\/palaciogrilo.com\/wp-content\/uploads\/2022\/04\/palacio-do-grilo-slide2-1000x563.jpg 1000w, https:\/\/palaciogrilo.com\/wp-content\/uploads\/2022\/04\/palacio-do-grilo-slide2-800x450.jpg 800w\" data-sizes=\"(max-width: 480px) 320px,(max-width: 767px) 500px,(max-width: 1941px) 100vw, 1941px\" class=\"grid-item-img owl-lazy lazy\" ><\/a><\/div><\/div><\/section><section class=\"item\" data-logocolor=\"alt-logo\" data-menucolor=\"alt-menu\" data-id=\"post-2-338\"><div class=\"slide-item-wrap\"><div class=\"slide-item-des\"><div class=\"slide-item-des-wrap\"><\/div><\/div><div class=\"carousel-img-wrap ux-ajax-page-transition-link\" style=\"\"><a href=\"#\" class=\"slider-item-link\" title=\"palacio-do-grilo-slide3\" rel=\" \"><img decoding=\"async\" src=\"data:image\/gif;base64,R0lGODlhAQABAIAAAAAAAP\/\/\/yH5BAEAAAAALAAAAAABAAEAAAIBRAA7\" data-src=\"https:\/\/palaciogrilo.com\/wp-content\/uploads\/2022\/04\/palacio-do-grilo-slide3.jpg\" alt=\"\" data-srcset=\"https:\/\/palaciogrilo.com\/wp-content\/uploads\/2022\/04\/palacio-do-grilo-slide3.jpg 1941w, https:\/\/palaciogrilo.com\/wp-content\/uploads\/2022\/04\/palacio-do-grilo-slide3-600x338.jpg 600w, https:\/\/palaciogrilo.com\/wp-content\/uploads\/2022\/04\/palacio-do-grilo-slide3-300x169.jpg 300w, https:\/\/palaciogrilo.com\/wp-content\/uploads\/2022\/04\/palacio-do-grilo-slide3-1024x576.jpg 1024w, https:\/\/palaciogrilo.com\/wp-content\/uploads\/2022\/04\/palacio-do-grilo-slide3-768x432.jpg 768w, https:\/\/palaciogrilo.com\/wp-content\/uploads\/2022\/04\/palacio-do-grilo-slide3-1536x864.jpg 1536w, https:\/\/palaciogrilo.com\/wp-content\/uploads\/2022\/04\/palacio-do-grilo-slide3-350x197.jpg 350w, https:\/\/palaciogrilo.com\/wp-content\/uploads\/2022\/04\/palacio-do-grilo-slide3-650x366.jpg 650w, https:\/\/palaciogrilo.com\/wp-content\/uploads\/2022\/04\/palacio-do-grilo-slide3-1000x563.jpg 1000w, https:\/\/palaciogrilo.com\/wp-content\/uploads\/2022\/04\/palacio-do-grilo-slide3-800x450.jpg 800w\" data-sizes=\"(max-width: 480px) 320px,(max-width: 767px) 500px,(max-width: 1941px) 100vw, 1941px\" class=\"grid-item-img owl-lazy lazy\" ><\/a><\/div><\/div><\/section><section class=\"item\" data-logocolor=\"alt-logo\" data-menucolor=\"alt-menu\" data-id=\"post-3-339\"><div class=\"slide-item-wrap\"><div class=\"slide-item-des\"><div class=\"slide-item-des-wrap\"><\/div><\/div><div class=\"carousel-img-wrap ux-ajax-page-transition-link\" style=\"\"><a href=\"#\" class=\"slider-item-link\" title=\"palacio-do-grilo-slide4\" rel=\" \"><img decoding=\"async\" src=\"data:image\/gif;base64,R0lGODlhAQABAIAAAAAAAP\/\/\/yH5BAEAAAAALAAAAAABAAEAAAIBRAA7\" data-src=\"https:\/\/palaciogrilo.com\/wp-content\/uploads\/2022\/04\/palacio-do-grilo-slide4.jpg\" alt=\"\" data-srcset=\"https:\/\/palaciogrilo.com\/wp-content\/uploads\/2022\/04\/palacio-do-grilo-slide4.jpg 1941w, https:\/\/palaciogrilo.com\/wp-content\/uploads\/2022\/04\/palacio-do-grilo-slide4-600x338.jpg 600w, https:\/\/palaciogrilo.com\/wp-content\/uploads\/2022\/04\/palacio-do-grilo-slide4-300x169.jpg 300w, https:\/\/palaciogrilo.com\/wp-content\/uploads\/2022\/04\/palacio-do-grilo-slide4-1024x576.jpg 1024w, https:\/\/palaciogrilo.com\/wp-content\/uploads\/2022\/04\/palacio-do-grilo-slide4-768x432.jpg 768w, https:\/\/palaciogrilo.com\/wp-content\/uploads\/2022\/04\/palacio-do-grilo-slide4-1536x864.jpg 1536w, https:\/\/palaciogrilo.com\/wp-content\/uploads\/2022\/04\/palacio-do-grilo-slide4-350x197.jpg 350w, https:\/\/palaciogrilo.com\/wp-content\/uploads\/2022\/04\/palacio-do-grilo-slide4-650x366.jpg 650w, https:\/\/palaciogrilo.com\/wp-content\/uploads\/2022\/04\/palacio-do-grilo-slide4-1000x563.jpg 1000w, https:\/\/palaciogrilo.com\/wp-content\/uploads\/2022\/04\/palacio-do-grilo-slide4-800x450.jpg 800w\" data-sizes=\"(max-width: 480px) 320px,(max-width: 767px) 500px,(max-width: 1941px) 100vw, 1941px\" class=\"grid-item-img owl-lazy lazy\" ><\/a><\/div><\/div><\/section><\/div><!--End owl --><\/div><\/div><\/div><div id=\"\" class=\"module col-12 module-id-1651068919101 col-offset-0\" data-module-col=\"12\"><div class=\"module-inside text-inside\" style=\"--top-mod: 60px;--bottom-mod: 20px;--top-mod-m:30px;--bottom-mod-m:20px;\" ><div class=\"text_block_out\"  data-effect=\"standard\" style=\"\"><div class=\"text_block ux-mod-nobg\"><div class=\"text_block_inn\"><div id=\"text-1651068919101\" class=\"text_block_centered text_block_centered_enable_width\"  style=\"\"><h3><span style=\"font-family: ux-font-164988511978;\">Un palais intact depuis 350 ans, lui-m\u00eame habit\u00e9 par une histoire unique puisqu&#39;il \u00e9tait \u00e0 l&#39;origine destin\u00e9 \u00e0 \u00eatre un royaume de r\u00eaves.<\/span><\/h3><\/div><\/div><\/div><\/div><\/div><\/div><div id=\"\" class=\"module col-12 module-id-1651070297525\" data-module-col=\"12\"><div class=\"module-inside button-inside\" style=\"--top-mod: 0px;--bottom-mod: 0px;--top-mod-m:0px;--bottom-mod-m:0px;\" ><div class=\"btn-mod-wrap btn-1651070297525 btn-left btn-left-m ux-horizontal ux-btn-wrap-regular\" style=\"\"><a class=\"ux-btn ux-btn-a-0 ux-cb-btn-1651070297525_0 fadeInM \" href=\"https:\/\/palaciogrilo.com\/fr\/le-palais\/\" target=\"_self\" rel=\" \" ><span class=\"ux-btn-text-wrap\"><span class=\"ux-btn-text\">Plus d&#039;information<\/span><\/span><\/a><\/div><\/div><\/div><\/div>","protected":false},"excerpt":{"rendered":"<p>Un palais intact depuis 350 ans, lui-m\u00eame habit\u00e9 par une &hellip;<\/p>\n","protected":false},"author":1,"featured_media":0,"parent":0,"menu_order":0,"comment_status":"closed","ping_status":"closed","template":"","meta":{"inline_featured_image":false,"_monsterinsights_skip_tracking":false,"_monsterinsights_sitenote_active":false,"_monsterinsights_sitenote_note":"","_monsterinsights_sitenote_category":0,"footnotes":""},"class_list":["post-1815","page","type-page","status-publish","hentry"],"acf":[],"yoast_head":"<!-- This site is optimized with the Yoast SEO plugin v18.6 - https:\/\/yoast.com\/wordpress\/plugins\/seo\/ -->\n<title>Palacio do Grilo Website<\/title>\n<meta name=\"description\" content=\"Pal\u00e1cio do Grilo est un restaurant situ\u00e9 au milieu d&#039;un th\u00e9\u00e2tre vivant o\u00f9 chaque membre du personnel est un acteur ou un artiste, pr\u00eat \u00e0 vous surprendre.\" \/>\n<meta name=\"robots\" content=\"index, follow, max-snippet:-1, max-image-preview:large, max-video-preview:-1\" \/>\n<link rel=\"canonical\" href=\"https:\/\/palaciogrilo.com\/fr\/\" \/>\n<meta property=\"og:locale\" content=\"fr_FR\" \/>\n<meta property=\"og:type\" content=\"article\" \/>\n<meta property=\"og:title\" content=\"Palacio do Grilo Website\" \/>\n<meta property=\"og:description\" content=\"Pal\u00e1cio do Grilo est un restaurant situ\u00e9 au milieu d&#039;un th\u00e9\u00e2tre vivant o\u00f9 chaque membre du personnel est un acteur ou un artiste, pr\u00eat \u00e0 vous surprendre.\" \/>\n<meta property=\"og:url\" content=\"https:\/\/palaciogrilo.com\/fr\/\" \/>\n<meta property=\"og:site_name\" content=\"Palacio do Grilo\" \/>\n<meta property=\"article:modified_time\" content=\"2022-06-14T22:12:11+00:00\" \/>\n<meta name=\"twitter:card\" content=\"summary_large_image\" \/>\n<script type=\"application\/ld+json\" class=\"yoast-schema-graph\">{\"@context\":\"https:\/\/schema.org\",\"@graph\":[{\"@type\":\"WebSite\",\"@id\":\"https:\/\/palaciogrilo.com\/en\/#website\",\"url\":\"https:\/\/palaciogrilo.com\/en\/\",\"name\":\"Palacio do Grilo\",\"description\":\"Palace and monuments in Lisbon\",\"potentialAction\":[{\"@type\":\"SearchAction\",\"target\":{\"@type\":\"EntryPoint\",\"urlTemplate\":\"https:\/\/palaciogrilo.com\/en\/?s={search_term_string}\"},\"query-input\":\"required name=search_term_string\"}],\"inLanguage\":\"fr-FR\"},{\"@type\":\"WebPage\",\"@id\":\"https:\/\/palaciogrilo.com\/fr\/#webpage\",\"url\":\"https:\/\/palaciogrilo.com\/fr\/\",\"name\":\"Palacio do Grilo Website\",\"isPartOf\":{\"@id\":\"https:\/\/palaciogrilo.com\/en\/#website\"},\"datePublished\":\"2021-11-25T08:48:45+00:00\",\"dateModified\":\"2022-06-14T22:12:11+00:00\",\"description\":\"Pal\u00e1cio do Grilo est un restaurant situ\u00e9 au milieu d'un th\u00e9\u00e2tre vivant o\u00f9 chaque membre du personnel est un acteur ou un artiste, pr\u00eat \u00e0 vous surprendre.\",\"breadcrumb\":{\"@id\":\"https:\/\/palaciogrilo.com\/fr\/#breadcrumb\"},\"inLanguage\":\"fr-FR\",\"potentialAction\":[{\"@type\":\"ReadAction\",\"target\":[\"https:\/\/palaciogrilo.com\/fr\/\"]}]},{\"@type\":\"BreadcrumbList\",\"@id\":\"https:\/\/palaciogrilo.com\/fr\/#breadcrumb\",\"itemListElement\":[{\"@type\":\"ListItem\",\"position\":1,\"name\":\"Home\",\"item\":\"https:\/\/palaciogrilo.com\/fr\/\"},{\"@type\":\"ListItem\",\"position\":2,\"name\":\"Domicile\"}]}]}<\/script>\n<!-- \/ Yoast SEO plugin. -->","yoast_head_json":{"title":"Palacio do Grilo Website","description":"Pal\u00e1cio do Grilo est un restaurant situ\u00e9 au milieu d'un th\u00e9\u00e2tre vivant o\u00f9 chaque membre du personnel est un acteur ou un artiste, pr\u00eat \u00e0 vous surprendre.","robots":{"index":"index","follow":"follow","max-snippet":"max-snippet:-1","max-image-preview":"max-image-preview:large","max-video-preview":"max-video-preview:-1"},"canonical":"https:\/\/palaciogrilo.com\/fr\/","og_locale":"fr_FR","og_type":"article","og_title":"Palacio do Grilo Website","og_description":"Pal\u00e1cio do Grilo est un restaurant situ\u00e9 au milieu d'un th\u00e9\u00e2tre vivant o\u00f9 chaque membre du personnel est un acteur ou un artiste, pr\u00eat \u00e0 vous surprendre.","og_url":"https:\/\/palaciogrilo.com\/fr\/","og_site_name":"Palacio do Grilo","article_modified_time":"2022-06-14T22:12:11+00:00","twitter_card":"summary_large_image","schema":{"@context":"https:\/\/schema.org","@graph":[{"@type":"WebSite","@id":"https:\/\/palaciogrilo.com\/en\/#website","url":"https:\/\/palaciogrilo.com\/en\/","name":"Palacio do Grilo","description":"Palace and monuments in Lisbon","potentialAction":[{"@type":"SearchAction","target":{"@type":"EntryPoint","urlTemplate":"https:\/\/palaciogrilo.com\/en\/?s={search_term_string}"},"query-input":"required name=search_term_string"}],"inLanguage":"fr-FR"},{"@type":"WebPage","@id":"https:\/\/palaciogrilo.com\/fr\/#webpage","url":"https:\/\/palaciogrilo.com\/fr\/","name":"Palacio do Grilo Website","isPartOf":{"@id":"https:\/\/palaciogrilo.com\/en\/#website"},"datePublished":"2021-11-25T08:48:45+00:00","dateModified":"2022-06-14T22:12:11+00:00","description":"Pal\u00e1cio do Grilo est un restaurant situ\u00e9 au milieu d'un th\u00e9\u00e2tre vivant o\u00f9 chaque membre du personnel est un acteur ou un artiste, pr\u00eat \u00e0 vous surprendre.","breadcrumb":{"@id":"https:\/\/palaciogrilo.com\/fr\/#breadcrumb"},"inLanguage":"fr-FR","potentialAction":[{"@type":"ReadAction","target":["https:\/\/palaciogrilo.com\/fr\/"]}]},{"@type":"BreadcrumbList","@id":"https:\/\/palaciogrilo.com\/fr\/#breadcrumb","itemListElement":[{"@type":"ListItem","position":1,"name":"Home","item":"https:\/\/palaciogrilo.com\/fr\/"},{"@type":"ListItem","position":2,"name":"Domicile"}]}]}},"_links":{"self":[{"href":"https:\/\/palaciogrilo.com\/fr\/wp-json\/wp\/v2\/pages\/1815"}],"collection":[{"href":"https:\/\/palaciogrilo.com\/fr\/wp-json\/wp\/v2\/pages"}],"about":[{"href":"https:\/\/palaciogrilo.com\/fr\/wp-json\/wp\/v2\/types\/page"}],"author":[{"embeddable":true,"href":"https:\/\/palaciogrilo.com\/fr\/wp-json\/wp\/v2\/users\/1"}],"replies":[{"embeddable":true,"href":"https:\/\/palaciogrilo.com\/fr\/wp-json\/wp\/v2\/comments?post=1815"}],"version-history":[{"count":4,"href":"https:\/\/palaciogrilo.com\/fr\/wp-json\/wp\/v2\/pages\/1815\/revisions"}],"predecessor-version":[{"id":2319,"href":"https:\/\/palaciogrilo.com\/fr\/wp-json\/wp\/v2\/pages\/1815\/revisions\/2319"}],"wp:attachment":[{"href":"https:\/\/palaciogrilo.com\/fr\/wp-json\/wp\/v2\/media?parent=1815"}],"curies":[{"name":"wp","href":"https:\/\/api.w.org\/{rel}","templated":true}]}}