

{"id":2000,"date":"2022-04-14T08:55:12","date_gmt":"2022-04-14T07:55:12","guid":{"rendered":"https:\/\/palaciogrilo.com\/histoire\/"},"modified":"2022-04-27T15:44:36","modified_gmt":"2022-04-27T14:44:36","slug":"histoire","status":"publish","type":"page","link":"https:\/\/palaciogrilo.com\/fr\/histoire\/","title":{"rendered":"Historique"},"content":{"rendered":"<div class=\"bm-builder clearfix \"><div id=\"\" class=\"module col-0 module-id-1651069369136\" data-module-col=\"0\"><div class=\"module-inside slider-inside post-0-454\" style=\"--top-mod: 0px;--bottom-mod: 0px;--top-mod-m:0px;--bottom-mod-m:0px;\" ><div class=\"slider-mod-wrap slider-style1 slide-des-bottom-left slide-arrow-show-default \" ><div class=\"owl-carousel \" data-item=\"1\" data-mobileitem=\"1\" data-center=\"false\" data-margin=\"0\" data-marginmobile=\"0\" data-autowidth=\"false\" data-slideby=\"1\" data-showdot=\"true\" data-loop=\"true\" data-nav=\"false\" data-mousedrag=\"false\" data-mousewheel=\"false\" data-transition=\"300\" data-auto=\"false\" data-autoplayTimeout=\"5000\" data-autohide=\"false\" data-lazy=\"true\" data-random=\"false\" ><section class=\"item\" data-logocolor=\"a\" data-menucolor=\"a\" data-id=\"post-0-454\"><div class=\"slide-item-wrap\"><div class=\"slide-item-des\"><div class=\"slide-item-des-wrap\"><\/div><\/div><div class=\"carousel-img-wrap ux-ajax-page-transition-link\" style=\"\"><img decoding=\"async\" src=\"data:image\/gif;base64,R0lGODlhAQABAIAAAAAAAP\/\/\/yH5BAEAAAAALAAAAAABAAEAAAIBRAA7\" data-src=\"https:\/\/palaciogrilo.com\/wp-content\/uploads\/2022\/04\/palacio-do-grilo-page-history.jpg\" alt=\"\" data-srcset=\"https:\/\/palaciogrilo.com\/wp-content\/uploads\/2022\/04\/palacio-do-grilo-page-history.jpg 1949w, https:\/\/palaciogrilo.com\/wp-content\/uploads\/2022\/04\/palacio-do-grilo-page-history-300x192.jpg 300w, https:\/\/palaciogrilo.com\/wp-content\/uploads\/2022\/04\/palacio-do-grilo-page-history-1024x655.jpg 1024w, https:\/\/palaciogrilo.com\/wp-content\/uploads\/2022\/04\/palacio-do-grilo-page-history-768x491.jpg 768w, https:\/\/palaciogrilo.com\/wp-content\/uploads\/2022\/04\/palacio-do-grilo-page-history-1536x982.jpg 1536w, https:\/\/palaciogrilo.com\/wp-content\/uploads\/2022\/04\/palacio-do-grilo-page-history-350x224.jpg 350w, https:\/\/palaciogrilo.com\/wp-content\/uploads\/2022\/04\/palacio-do-grilo-page-history-650x416.jpg 650w, https:\/\/palaciogrilo.com\/wp-content\/uploads\/2022\/04\/palacio-do-grilo-page-history-1000x639.jpg 1000w, https:\/\/palaciogrilo.com\/wp-content\/uploads\/2022\/04\/palacio-do-grilo-page-history-600x384.jpg 600w\" data-sizes=\"(max-width: 480px) 320px,(max-width: 767px) 500px,(max-width: 1949px) 100vw, 1949px\" class=\"grid-item-img owl-lazy lazy\" ><\/div><\/div><\/section><\/div><!--End owl --><\/div><\/div><\/div><div id=\"herotitle\" class=\"module col-12 module-id-1651069369809 col-offset-0\" data-module-col=\"12\"><div class=\"module-inside text-inside\" style=\"--top-mod: 0px;--bottom-mod: 0px;--top-mod-m:0px;--bottom-mod-m:0px;\" ><div class=\"text_block_out\"  data-effect=\"standard\" style=\"\"><div class=\"text_block ux-mod-nobg\"><div class=\"text_block_inn\"><div id=\"text-1651069369809\" class=\"text_block_centered text_block_centered_enable_width\"  style=\"\"><h2><span style=\"font-family: ux-font-1649885179906; font-size: 60px; color: #ffffff;\">Historique<\/span><\/h2><\/div><\/div><\/div><\/div><\/div><\/div><div id=\"\" class=\"module col-12 module-id-165106937095 col-offset-0\" data-module-col=\"12\"><div class=\"module-inside text-inside\" style=\"--top-mod: 0px;--bottom-mod: 0px;--top-mod-m:0px;--bottom-mod-m:0px;\" ><div class=\"text_block_out\"  data-effect=\"standard\" style=\"\"><div class=\"text_block ux-mod-nobg\"><div class=\"text_block_inn\"><div id=\"text-165106937095\" class=\"text_block_centered text_block_centered_enable_width\"  style=\"\"><h3><span style=\"font-family: ux-font-164988511978;\">D. Pedro a con\u00e7u un monde dans lequel \u00ab\u00a0son imagination, ses chim\u00e8res, ses fantasmagories\u00a0\u00bb s&#39;intercalent dans le r\u00e9el. Le projet initial<\/span><\/h3><\/div><\/div><\/div><\/div><\/div><\/div><div id=\"\" class=\"module col-12 module-id-1651069370362 col-offset-0\" data-module-col=\"12\"><div class=\"module-inside text-inside\" style=\"--top-mod: 0px;--bottom-mod: 0px;--top-mod-m:0px;--bottom-mod-m:0px;\" ><div class=\"text_block_out\"  data-effect=\"standard\" style=\"\"><div class=\"text_block ux-mod-nobg\"><div class=\"text_block_inn\"><div id=\"text-1651069370362\" class=\"text_block_centered text_block_centered_enable_width\"  style=\"\"><p>D. Pedro de Bragan\u00e7a, nomm\u00e9 Pedro Henrique de Bragan\u00e7a Sousa Tavares Mascarenhas da Silva, (1718-1761), premier duc de Laf\u00f5es et descendant ill\u00e9gitime du roi Pedro II, bien que premier descendant, il voit sa place sur le tr\u00f4ne et dans le c\u0153ur de Marie Ier prise par le futur roi Pedro III.<br>Le soir de leur union, dans ce Pal\u00e1cio do Grilo o\u00f9 renait aujourd\u2019hui son \u00ab r\u00eave de pierre et ses pierres donn\u00e9es en offrande aux r\u00eaves \u00bb, au lieu d\u2019honorer le passage du carrosse nuptial en illuminant sa r\u00e9sidence, D. Pedro fit \u00e9teindre toutes les bougies. Que d\u00e9couvrit-il cette nuit-l\u00e0 ? Quelle d\u00e9cision prit-il ? Avait-il d\u00e9j\u00e0 l\u2019habitude de poser \u00e0 proximit\u00e9 de lui une petite cage contenant un grillon ? N\u2019avait-il pas d\u00e9j\u00e0 \u00e9crit, dans le Journal d\u2019une construction imaginaire , \u00ab qu\u2019il n\u2019est pas de meilleure invitation \u00e0 la r\u00eaverie que le chant de cet insecte, vibration du c\u0153ur, \u00e9rotisme de l\u2019\u00e2me et violon de l\u2019esprit \u00bb ?<\/p>\n<p>Reste qu\u2019\u00e0 partir de ce jour, D. Pedro d\u00e9dia son talent \u00e0 son royaume onirique.<\/p>\n<p>M\u00eame la reconstruction de Lisbonne apr\u00e8s le tremblement de terre (1755), dont il eut pourtant la charge, ne parut pas l\u2019obnubiler \u00e0 ce point. Il dessina lui-m\u00eame ses plans, reprit la premi\u00e8re lettre de son titre pour donner la forme d\u2019un L au corps de b\u00e2timent principal, engagea les artistes les plus en vue du temps, pour cr\u00e9er \u00ab un lieu qui soit aussi un non-lieu et qui puisse permettre \u00e0 l\u2019\u00e2me l\u2019envol qui lui sied si bien \u00bb.<\/p>\n<p>Ce royaume onirique fut en quelque sorte lib\u00e9r\u00e9 du monde par la d\u00e9convenue d\u2019une union impossible, d\u2019un tr\u00f4ne inaccessible, d\u2019une ambition contredite. Pour le seigneur D. Pedro de Bragance, Duc de Laf\u00f5es, dit \u00ab do Grilo \u00bb parce qu\u2019il collectionnait ces petits insectes chanteurs et s\u2019amusait \u00e0 en assurer la multiplication dans ses jardins, ce sera donc un autre tr\u00f4ne pour un autre royaume.<\/p>\n<p>Sa mort pr\u00e9matur\u00e9e \u00e0 49 ans n&#39;a pas permis au \u00ab\u00a0constructeur hors du commun\u00a0\u00bb, au \u00ab\u00a0r\u00eaveur de pierre\u00a0\u00bb et au \u00ab\u00a0voyageur dans la chambre\u00a0\u00bb de devenir \u201cma\u00eetre dans l&#39;art de dormir\u00a0\u00bb pour voir son projet se r\u00e9aliser.<\/p>\n<p>Le carnet magique du Pal\u00e1cio do Grilo est un ouvrage in\u00e9dit \u00e9crit par le premier Duc de Laf\u00f5es, alors qu&#39;il pr\u00e9parait les plans de sa r\u00e9sidence principale entre 1745 et 1761. Dans chaque page du carnet, les principes que chaque pi\u00e8ce du palais aborderait sont expos\u00e9s, et sont syst\u00e9matiquement accompagn\u00e9s d&#39;un petit psaume et de quelques croquis.<br>Le carnet magique est la derni\u00e8re et unique trace de son projet de Palais des R\u00eaves.<\/p>\n<p>L&#39;histoire du palais de Grilo<br>\u00ab\u00a0Le palais de Grilo, appartenant aux ducs de Laf\u00f5es, a \u00e9t\u00e9 construit dans les ann\u00e9es qui ont suivi le grand tremblement de terre de 1755 par D. Jo\u00e3o Mascarenhas da Silva, 2e duc en titre et fondateur de l&#39;Acad\u00e9mie des sciences.<br>La conception du Palacio est encore incertaine, bien que plusieurs auteurs l&#39;attribuent \u00e0 l&#39;architecte Eug\u00e9nio dos Santos. Ce projet grandiose visait \u00e0 transformer la petite ferme d&#39;\u00e9t\u00e9 des ducs en leur r\u00e9sidence permanente dans la capitale.<br>L&#39;espace int\u00e9rieur se distingue par les programmes d\u00e9coratifs, d&#39;une grande richesse et d&#39;une grande \u00e9rudition, \u00e0 savoir les ensembles de peintures murales de Cirilo Wolkmar Machado, ou les carrelages des XVIIIe et XIXe si\u00e8cles, qui int\u00e8grent les salles th\u00e9matiques du palais, comme la salle de l&#39;Acad\u00e9mie, la salle de V\u00e9nus ou la salle chinoise. La chapelle de forme rectangulaire abrite un retable en bois sculpt\u00e9 dor\u00e9 et polychrome de la seconde moiti\u00e9 du XVIIIe si\u00e8cle.<br>Catarina Oliveira<\/p><\/div><\/div><\/div><\/div><\/div><\/div><\/div>","protected":false},"excerpt":{"rendered":"<p>HistoriqueD. Pedro a con\u00e7u un monde dans lequel \u00ab\u00a0son imagination, &hellip;<\/p>\n","protected":false},"author":1,"featured_media":0,"parent":0,"menu_order":0,"comment_status":"closed","ping_status":"closed","template":"","meta":{"inline_featured_image":false,"_monsterinsights_skip_tracking":false,"_monsterinsights_sitenote_active":false,"_monsterinsights_sitenote_note":"","_monsterinsights_sitenote_category":0,"footnotes":""},"class_list":["post-2000","page","type-page","status-publish","hentry"],"acf":[],"yoast_head":"<!-- This site is optimized with the Yoast SEO plugin v18.6 - https:\/\/yoast.com\/wordpress\/plugins\/seo\/ -->\n<title>Palacio do Grilo - Historique<\/title>\n<meta name=\"description\" content=\"Histoire du Palacio do Grilo, palais dans Lisbonne intact depuis 350 ans.\" \/>\n<meta name=\"robots\" content=\"index, follow, max-snippet:-1, max-image-preview:large, max-video-preview:-1\" \/>\n<link rel=\"canonical\" href=\"https:\/\/palaciogrilo.com\/fr\/histoire\/\" \/>\n<meta property=\"og:locale\" content=\"fr_FR\" \/>\n<meta property=\"og:type\" content=\"article\" \/>\n<meta property=\"og:title\" content=\"Palacio do Grilo - Historique\" \/>\n<meta property=\"og:description\" content=\"Histoire du Palacio do Grilo, palais dans Lisbonne intact depuis 350 ans.\" \/>\n<meta property=\"og:url\" content=\"https:\/\/palaciogrilo.com\/fr\/histoire\/\" \/>\n<meta property=\"og:site_name\" content=\"Palacio do Grilo\" \/>\n<meta property=\"article:modified_time\" content=\"2022-04-27T14:44:36+00:00\" \/>\n<meta name=\"twitter:card\" content=\"summary_large_image\" \/>\n<script type=\"application\/ld+json\" class=\"yoast-schema-graph\">{\"@context\":\"https:\/\/schema.org\",\"@graph\":[{\"@type\":\"WebSite\",\"@id\":\"https:\/\/palaciogrilo.com\/en\/#website\",\"url\":\"https:\/\/palaciogrilo.com\/en\/\",\"name\":\"Palacio do Grilo\",\"description\":\"Palace and monuments in Lisbon\",\"potentialAction\":[{\"@type\":\"SearchAction\",\"target\":{\"@type\":\"EntryPoint\",\"urlTemplate\":\"https:\/\/palaciogrilo.com\/en\/?s={search_term_string}\"},\"query-input\":\"required name=search_term_string\"}],\"inLanguage\":\"fr-FR\"},{\"@type\":\"WebPage\",\"@id\":\"https:\/\/palaciogrilo.com\/fr\/histoire\/#webpage\",\"url\":\"https:\/\/palaciogrilo.com\/fr\/histoire\/\",\"name\":\"Palacio do Grilo - Historique\",\"isPartOf\":{\"@id\":\"https:\/\/palaciogrilo.com\/en\/#website\"},\"datePublished\":\"2022-04-14T07:55:12+00:00\",\"dateModified\":\"2022-04-27T14:44:36+00:00\",\"description\":\"Histoire du Palacio do Grilo, palais dans Lisbonne intact depuis 350 ans.\",\"breadcrumb\":{\"@id\":\"https:\/\/palaciogrilo.com\/fr\/histoire\/#breadcrumb\"},\"inLanguage\":\"fr-FR\",\"potentialAction\":[{\"@type\":\"ReadAction\",\"target\":[\"https:\/\/palaciogrilo.com\/fr\/histoire\/\"]}]},{\"@type\":\"BreadcrumbList\",\"@id\":\"https:\/\/palaciogrilo.com\/fr\/histoire\/#breadcrumb\",\"itemListElement\":[{\"@type\":\"ListItem\",\"position\":1,\"name\":\"Home\",\"item\":\"https:\/\/palaciogrilo.com\/fr\/\"},{\"@type\":\"ListItem\",\"position\":2,\"name\":\"Historique\"}]}]}<\/script>\n<!-- \/ Yoast SEO plugin. -->","yoast_head_json":{"title":"Palacio do Grilo - Historique","description":"Histoire du Palacio do Grilo, palais dans Lisbonne intact depuis 350 ans.","robots":{"index":"index","follow":"follow","max-snippet":"max-snippet:-1","max-image-preview":"max-image-preview:large","max-video-preview":"max-video-preview:-1"},"canonical":"https:\/\/palaciogrilo.com\/fr\/histoire\/","og_locale":"fr_FR","og_type":"article","og_title":"Palacio do Grilo - Historique","og_description":"Histoire du Palacio do Grilo, palais dans Lisbonne intact depuis 350 ans.","og_url":"https:\/\/palaciogrilo.com\/fr\/histoire\/","og_site_name":"Palacio do Grilo","article_modified_time":"2022-04-27T14:44:36+00:00","twitter_card":"summary_large_image","schema":{"@context":"https:\/\/schema.org","@graph":[{"@type":"WebSite","@id":"https:\/\/palaciogrilo.com\/en\/#website","url":"https:\/\/palaciogrilo.com\/en\/","name":"Palacio do Grilo","description":"Palace and monuments in Lisbon","potentialAction":[{"@type":"SearchAction","target":{"@type":"EntryPoint","urlTemplate":"https:\/\/palaciogrilo.com\/en\/?s={search_term_string}"},"query-input":"required name=search_term_string"}],"inLanguage":"fr-FR"},{"@type":"WebPage","@id":"https:\/\/palaciogrilo.com\/fr\/histoire\/#webpage","url":"https:\/\/palaciogrilo.com\/fr\/histoire\/","name":"Palacio do Grilo - Historique","isPartOf":{"@id":"https:\/\/palaciogrilo.com\/en\/#website"},"datePublished":"2022-04-14T07:55:12+00:00","dateModified":"2022-04-27T14:44:36+00:00","description":"Histoire du Palacio do Grilo, palais dans Lisbonne intact depuis 350 ans.","breadcrumb":{"@id":"https:\/\/palaciogrilo.com\/fr\/histoire\/#breadcrumb"},"inLanguage":"fr-FR","potentialAction":[{"@type":"ReadAction","target":["https:\/\/palaciogrilo.com\/fr\/histoire\/"]}]},{"@type":"BreadcrumbList","@id":"https:\/\/palaciogrilo.com\/fr\/histoire\/#breadcrumb","itemListElement":[{"@type":"ListItem","position":1,"name":"Home","item":"https:\/\/palaciogrilo.com\/fr\/"},{"@type":"ListItem","position":2,"name":"Historique"}]}]}},"_links":{"self":[{"href":"https:\/\/palaciogrilo.com\/fr\/wp-json\/wp\/v2\/pages\/2000"}],"collection":[{"href":"https:\/\/palaciogrilo.com\/fr\/wp-json\/wp\/v2\/pages"}],"about":[{"href":"https:\/\/palaciogrilo.com\/fr\/wp-json\/wp\/v2\/types\/page"}],"author":[{"embeddable":true,"href":"https:\/\/palaciogrilo.com\/fr\/wp-json\/wp\/v2\/users\/1"}],"replies":[{"embeddable":true,"href":"https:\/\/palaciogrilo.com\/fr\/wp-json\/wp\/v2\/comments?post=2000"}],"version-history":[{"count":3,"href":"https:\/\/palaciogrilo.com\/fr\/wp-json\/wp\/v2\/pages\/2000\/revisions"}],"predecessor-version":[{"id":2323,"href":"https:\/\/palaciogrilo.com\/fr\/wp-json\/wp\/v2\/pages\/2000\/revisions\/2323"}],"wp:attachment":[{"href":"https:\/\/palaciogrilo.com\/fr\/wp-json\/wp\/v2\/media?parent=2000"}],"curies":[{"name":"wp","href":"https:\/\/api.w.org\/{rel}","templated":true}]}}