

{"id":2012,"date":"2022-04-14T08:43:31","date_gmt":"2022-04-14T07:43:31","guid":{"rendered":"https:\/\/palaciogrilo.com\/infos\/"},"modified":"2022-04-27T15:47:17","modified_gmt":"2022-04-27T14:47:17","slug":"infos","status":"publish","type":"page","link":"https:\/\/palaciogrilo.com\/fr\/infos\/","title":{"rendered":"Information"},"content":{"rendered":"<div class=\"bm-builder clearfix \"><div id=\"\" class=\"module col-0 module-id-1651069636992\" data-module-col=\"0\"><div class=\"module-inside slider-inside post-0-2105\" style=\"--top-mod: 0px;--bottom-mod: 0px;--top-mod-m:0px;--bottom-mod-m:0px;\" ><div class=\"slider-mod-wrap slider-style1 slide-des-bottom-left slide-arrow-show-default \" ><div class=\"owl-carousel \" data-item=\"1\" data-mobileitem=\"1\" data-center=\"false\" data-margin=\"0\" data-marginmobile=\"0\" data-autowidth=\"false\" data-slideby=\"1\" data-showdot=\"true\" data-loop=\"true\" data-nav=\"false\" data-mousedrag=\"false\" data-mousewheel=\"false\" data-transition=\"300\" data-auto=\"false\" data-autoplayTimeout=\"5000\" data-autohide=\"false\" data-lazy=\"true\" data-random=\"false\" ><section class=\"item\" data-logocolor=\"a\" data-menucolor=\"a\" data-id=\"post-0-2105\"><div class=\"slide-item-wrap\"><div class=\"slide-item-des\"><div class=\"slide-item-des-wrap\"><\/div><\/div><div class=\"carousel-img-wrap ux-ajax-page-transition-link\" style=\"\"><img decoding=\"async\" src=\"data:image\/gif;base64,R0lGODlhAQABAIAAAAAAAP\/\/\/yH5BAEAAAAALAAAAAABAAEAAAIBRAA7\" data-src=\"https:\/\/palaciogrilo.com\/wp-content\/uploads\/2022\/04\/palacio-do-grilo-page-information.jpg\" alt=\"\" data-srcset=\"https:\/\/palaciogrilo.com\/wp-content\/uploads\/2022\/04\/palacio-do-grilo-page-information.jpg 1949w, https:\/\/palaciogrilo.com\/wp-content\/uploads\/2022\/04\/palacio-do-grilo-page-information-300x192.jpg 300w, https:\/\/palaciogrilo.com\/wp-content\/uploads\/2022\/04\/palacio-do-grilo-page-information-1024x655.jpg 1024w, https:\/\/palaciogrilo.com\/wp-content\/uploads\/2022\/04\/palacio-do-grilo-page-information-768x491.jpg 768w, https:\/\/palaciogrilo.com\/wp-content\/uploads\/2022\/04\/palacio-do-grilo-page-information-1536x982.jpg 1536w, https:\/\/palaciogrilo.com\/wp-content\/uploads\/2022\/04\/palacio-do-grilo-page-information-350x224.jpg 350w, https:\/\/palaciogrilo.com\/wp-content\/uploads\/2022\/04\/palacio-do-grilo-page-information-arttheme-standard-thumb-650x416.jpg 650w, https:\/\/palaciogrilo.com\/wp-content\/uploads\/2022\/04\/palacio-do-grilo-page-information-arttheme-standard-thumb-medium-1000x639.jpg 1000w\" data-sizes=\"(max-width: 480px) 320px,(max-width: 767px) 500px,(max-width: 1949px) 100vw, 1949px\" class=\"grid-item-img owl-lazy lazy\" ><\/div><\/div><\/section><\/div><!--End owl --><\/div><\/div><\/div><div id=\"herotitle\" class=\"module col-12 module-id-1651069637708 col-offset-0\" data-module-col=\"12\"><div class=\"module-inside text-inside\" style=\"--top-mod: 0px;--bottom-mod: 0px;--top-mod-m:0px;--bottom-mod-m:0px;\" ><div class=\"text_block_out\"  data-effect=\"standard\" style=\"\"><div class=\"text_block ux-mod-nobg\"><div class=\"text_block_inn\"><div id=\"text-1651069637708\" class=\"text_block_centered text_block_centered_enable_width\"  style=\"\"><h2><span style=\"font-family: ux-font-1649885179906; font-size: 60px; color: #ffffff;\">Information<\/span><\/h2><\/div><\/div><\/div><\/div><\/div><\/div><div id=\"content-title\" class=\"module col-12 module-id-1651069637993 col-offset-0\" data-module-col=\"12\"><div class=\"module-inside text-inside\" style=\"--top-mod: 0px;--bottom-mod: 0px;--top-mod-m:0px;--bottom-mod-m:0px;\" ><div class=\"text_block_out\"  data-effect=\"standard\" style=\"\"><div class=\"text_block ux-mod-nobg\"><div class=\"text_block_inn\"><div id=\"text-1651069637993\" class=\"text_block_centered text_block_centered_enable_width\"  style=\"\"><h3><span style=\"font-family: ux-font-164988511978;\">Toutes les informations pratiques du Palacio do Grilo<\/span><\/h3><\/div><\/div><\/div><\/div><\/div><\/div><div id=\"content-text\" class=\"module col-12 module-id-1651069638296 col-offset-0\" data-module-col=\"12\"><div class=\"module-inside text-inside\" style=\"--top-mod: 0px;--bottom-mod: 0px;--top-mod-m:0px;--bottom-mod-m:0px;\" ><div class=\"text_block_out\"  data-effect=\"standard\" style=\"\"><div class=\"text_block ux-mod-nobg\"><div class=\"text_block_inn\"><div id=\"text-1651069638296\" class=\"text_block_centered text_block_centered_enable_width\"  style=\"\"><p><strong>Horaire<\/strong><br>Le Palacio do Grilo est ouvert tous les jours de 16:30h \u00e0 00h.<\/p>\n<p>il se situe :<\/p>\n<p>&nbsp;<\/p>\n<p>Palacio do Grilo<\/p>\n<p>1 Cal\u00e7ada do Duque de Laf\u00f5es, 1950-207 Lisboa<\/p>\n<p>Vous pouvez nous contacter (+351) 211 629 991 &#8211; contact@palaciogrilo.com<\/p>\n<p><br>Il est possible de boire un verre ou manger \u00e0 toute heure, \u00e0 l\u2019int\u00e9rieur ou dans le jardin.<\/p>\n<p>&nbsp;<\/p>\n<p>Couvert artistique<br>Uniquement le soir pour les personnes adultes qui dinent, nous chargons de valeur de 5\u20ac incluant une coupe de cava, pour la viabilit\u00e9 du projet artistique.<\/p>\n<p>&nbsp;<\/p>\n<p><br>Pour d\u00e9jeuner ou diner il est pr\u00e9f\u00e9rable de r\u00e9server, vous pouvez le faire rapidement en quelques clic en ligne sur notre site.<\/p>\n<p><br>La d\u00e9marche du projet est pr\u00e9sent\u00e9 dans la page \u00ab le Palais \u00bb. Le volet artistique est plus intensif le soir lors du diner. <br>Nous proposons un menu simplifi\u00e9 la journ\u00e9e et le soir pour la partie jardin, et un menu plus complet pour la partie Palais le soir. Vous pouvez consulter le menu sur cette page.<\/p>\n<p><br><strong>Se rendre au Palacio<\/strong><\/p>\n<p><br>Le Palacio do grilo se trouve \u00e0 dans la Quartier de Beato \u00e0 Lisbonne, \u00e0 c\u00f4t\u00e9 du Taje dans la continuit\u00e9 d\u2019Alfama.<\/p>\n<p>&nbsp;<\/p>\n<p><u>En taxi ou voiture,<\/u><\/p>\n<p>le Palacio se trouve \u00e0 6mn de la place do commerce.<\/p>\n<p>&nbsp;<\/p>\n<p><u>En transport en commun<u><\/u><\/u><\/p>\n<p>Do cais sodr\u00e9 \/ time out &#8211; \u00d4nibus 728 &#8211; 781 &#8211; 782 &#8211; 15min<br>Da pra\u00e7a do com\u00e9rcio &#8211; \u00d4nibus 728 &#8211; 781 &#8211; 782 &#8211; 10min<br>Da Esta\u00e7\u00e3o de santa apolonia &#8211; \u00d4nibus 728 &#8211; 781 &#8211; 782 &#8211; 10min<br>Profiter du Quartier de Beato<\/p>\n<p><br>Si vous souhaitez d\u00e9couvrir ce que vous pouvez faire atour du Palacio do Grilo, consulter notre guide des recommandations du quartier Beato.<br>Location et \u00e9v\u00e8nements particuliers<\/p>\n<p><br>Si vous souhaitez louer le Palais, ou organiser un \u00e9v\u00e8nement particulier dans une partie ou la totalit\u00e9, n\u2019h\u00e9sitez pas \u00e0 nous contacter.<\/p><\/div><\/div><\/div><\/div><\/div><\/div><\/div>","protected":false},"excerpt":{"rendered":"<p>Todas as informa\u00e7\u00f5es pr\u00e1ticas sobre o Pal\u00e1cio do Grilo<\/p>\n","protected":false},"author":1,"featured_media":0,"parent":0,"menu_order":0,"comment_status":"closed","ping_status":"closed","template":"","meta":{"inline_featured_image":false,"_monsterinsights_skip_tracking":false,"_monsterinsights_sitenote_active":false,"_monsterinsights_sitenote_note":"","_monsterinsights_sitenote_category":0,"footnotes":""},"class_list":["post-2012","page","type-page","status-publish","hentry"],"acf":[],"yoast_head":"<!-- This site is optimized with the Yoast SEO plugin v18.6 - https:\/\/yoast.com\/wordpress\/plugins\/seo\/ -->\n<title>Palacio do Grilo - Information<\/title>\n<meta name=\"description\" content=\"Toutes les informations pratiques du Palacio do Grilo\" \/>\n<meta name=\"robots\" content=\"index, follow, max-snippet:-1, max-image-preview:large, max-video-preview:-1\" \/>\n<link rel=\"canonical\" href=\"https:\/\/palaciogrilo.com\/fr\/infos\/\" \/>\n<meta property=\"og:locale\" content=\"fr_FR\" \/>\n<meta property=\"og:type\" content=\"article\" \/>\n<meta property=\"og:title\" content=\"Palacio do Grilo - Information\" \/>\n<meta property=\"og:description\" content=\"Toutes les informations pratiques du Palacio do Grilo\" \/>\n<meta property=\"og:url\" content=\"https:\/\/palaciogrilo.com\/fr\/infos\/\" \/>\n<meta property=\"og:site_name\" content=\"Palacio do Grilo\" \/>\n<meta property=\"article:modified_time\" content=\"2022-04-27T14:47:17+00:00\" \/>\n<meta name=\"twitter:card\" content=\"summary_large_image\" \/>\n<script type=\"application\/ld+json\" class=\"yoast-schema-graph\">{\"@context\":\"https:\/\/schema.org\",\"@graph\":[{\"@type\":\"WebSite\",\"@id\":\"https:\/\/palaciogrilo.com\/en\/#website\",\"url\":\"https:\/\/palaciogrilo.com\/en\/\",\"name\":\"Palacio do Grilo\",\"description\":\"Palace and monuments in Lisbon\",\"potentialAction\":[{\"@type\":\"SearchAction\",\"target\":{\"@type\":\"EntryPoint\",\"urlTemplate\":\"https:\/\/palaciogrilo.com\/en\/?s={search_term_string}\"},\"query-input\":\"required name=search_term_string\"}],\"inLanguage\":\"fr-FR\"},{\"@type\":\"WebPage\",\"@id\":\"https:\/\/palaciogrilo.com\/fr\/infos\/#webpage\",\"url\":\"https:\/\/palaciogrilo.com\/fr\/infos\/\",\"name\":\"Palacio do Grilo - Information\",\"isPartOf\":{\"@id\":\"https:\/\/palaciogrilo.com\/en\/#website\"},\"datePublished\":\"2022-04-14T07:43:31+00:00\",\"dateModified\":\"2022-04-27T14:47:17+00:00\",\"description\":\"Toutes les informations pratiques du Palacio do Grilo\",\"breadcrumb\":{\"@id\":\"https:\/\/palaciogrilo.com\/fr\/infos\/#breadcrumb\"},\"inLanguage\":\"fr-FR\",\"potentialAction\":[{\"@type\":\"ReadAction\",\"target\":[\"https:\/\/palaciogrilo.com\/fr\/infos\/\"]}]},{\"@type\":\"BreadcrumbList\",\"@id\":\"https:\/\/palaciogrilo.com\/fr\/infos\/#breadcrumb\",\"itemListElement\":[{\"@type\":\"ListItem\",\"position\":1,\"name\":\"Home\",\"item\":\"https:\/\/palaciogrilo.com\/fr\/\"},{\"@type\":\"ListItem\",\"position\":2,\"name\":\"Information\"}]}]}<\/script>\n<!-- \/ Yoast SEO plugin. -->","yoast_head_json":{"title":"Palacio do Grilo - Information","description":"Toutes les informations pratiques du Palacio do Grilo","robots":{"index":"index","follow":"follow","max-snippet":"max-snippet:-1","max-image-preview":"max-image-preview:large","max-video-preview":"max-video-preview:-1"},"canonical":"https:\/\/palaciogrilo.com\/fr\/infos\/","og_locale":"fr_FR","og_type":"article","og_title":"Palacio do Grilo - Information","og_description":"Toutes les informations pratiques du Palacio do Grilo","og_url":"https:\/\/palaciogrilo.com\/fr\/infos\/","og_site_name":"Palacio do Grilo","article_modified_time":"2022-04-27T14:47:17+00:00","twitter_card":"summary_large_image","schema":{"@context":"https:\/\/schema.org","@graph":[{"@type":"WebSite","@id":"https:\/\/palaciogrilo.com\/en\/#website","url":"https:\/\/palaciogrilo.com\/en\/","name":"Palacio do Grilo","description":"Palace and monuments in Lisbon","potentialAction":[{"@type":"SearchAction","target":{"@type":"EntryPoint","urlTemplate":"https:\/\/palaciogrilo.com\/en\/?s={search_term_string}"},"query-input":"required name=search_term_string"}],"inLanguage":"fr-FR"},{"@type":"WebPage","@id":"https:\/\/palaciogrilo.com\/fr\/infos\/#webpage","url":"https:\/\/palaciogrilo.com\/fr\/infos\/","name":"Palacio do Grilo - Information","isPartOf":{"@id":"https:\/\/palaciogrilo.com\/en\/#website"},"datePublished":"2022-04-14T07:43:31+00:00","dateModified":"2022-04-27T14:47:17+00:00","description":"Toutes les informations pratiques du Palacio do Grilo","breadcrumb":{"@id":"https:\/\/palaciogrilo.com\/fr\/infos\/#breadcrumb"},"inLanguage":"fr-FR","potentialAction":[{"@type":"ReadAction","target":["https:\/\/palaciogrilo.com\/fr\/infos\/"]}]},{"@type":"BreadcrumbList","@id":"https:\/\/palaciogrilo.com\/fr\/infos\/#breadcrumb","itemListElement":[{"@type":"ListItem","position":1,"name":"Home","item":"https:\/\/palaciogrilo.com\/fr\/"},{"@type":"ListItem","position":2,"name":"Information"}]}]}},"_links":{"self":[{"href":"https:\/\/palaciogrilo.com\/fr\/wp-json\/wp\/v2\/pages\/2012"}],"collection":[{"href":"https:\/\/palaciogrilo.com\/fr\/wp-json\/wp\/v2\/pages"}],"about":[{"href":"https:\/\/palaciogrilo.com\/fr\/wp-json\/wp\/v2\/types\/page"}],"author":[{"embeddable":true,"href":"https:\/\/palaciogrilo.com\/fr\/wp-json\/wp\/v2\/users\/1"}],"replies":[{"embeddable":true,"href":"https:\/\/palaciogrilo.com\/fr\/wp-json\/wp\/v2\/comments?post=2012"}],"version-history":[{"count":4,"href":"https:\/\/palaciogrilo.com\/fr\/wp-json\/wp\/v2\/pages\/2012\/revisions"}],"predecessor-version":[{"id":2324,"href":"https:\/\/palaciogrilo.com\/fr\/wp-json\/wp\/v2\/pages\/2012\/revisions\/2324"}],"wp:attachment":[{"href":"https:\/\/palaciogrilo.com\/fr\/wp-json\/wp\/v2\/media?parent=2012"}],"curies":[{"name":"wp","href":"https:\/\/api.w.org\/{rel}","templated":true}]}}