

{"id":2016,"date":"2022-04-14T08:49:16","date_gmt":"2022-04-14T07:49:16","guid":{"rendered":"https:\/\/palaciogrilo.com\/le-palais\/"},"modified":"2022-04-27T15:42:32","modified_gmt":"2022-04-27T14:42:32","slug":"le-palais","status":"publish","type":"page","link":"https:\/\/palaciogrilo.com\/fr\/le-palais\/","title":{"rendered":"Le Palais"},"content":{"rendered":"<div class=\"bm-builder clearfix \"><div id=\"\" class=\"module col-0 module-id-1651069168977\" data-module-col=\"0\"><div class=\"module-inside slider-inside post-0-2117\" style=\"--top-mod: 0px;--bottom-mod: 0px;--top-mod-m:0px;--bottom-mod-m:0px;\" ><div class=\"slider-mod-wrap slider-style1 slide-des-bottom-left slide-arrow-show-default \" ><div class=\"owl-carousel \" data-item=\"1\" data-mobileitem=\"1\" data-center=\"false\" data-margin=\"0\" data-marginmobile=\"0\" data-autowidth=\"false\" data-slideby=\"1\" data-showdot=\"true\" data-loop=\"true\" data-nav=\"false\" data-mousedrag=\"false\" data-mousewheel=\"false\" data-transition=\"300\" data-auto=\"false\" data-autoplayTimeout=\"5000\" data-autohide=\"false\" data-lazy=\"true\" data-random=\"false\" ><section class=\"item\" data-logocolor=\"a\" data-menucolor=\"a\" data-id=\"post-0-2117\"><div class=\"slide-item-wrap\"><div class=\"slide-item-des\"><div class=\"slide-item-des-wrap\"><\/div><\/div><div class=\"carousel-img-wrap ux-ajax-page-transition-link\" style=\"\"><img decoding=\"async\" src=\"data:image\/gif;base64,R0lGODlhAQABAIAAAAAAAP\/\/\/yH5BAEAAAAALAAAAAABAAEAAAIBRAA7\" data-src=\"https:\/\/palaciogrilo.com\/wp-content\/uploads\/2022\/04\/palacio-do-grilo-page-palacio.jpg\" alt=\"\" data-srcset=\"https:\/\/palaciogrilo.com\/wp-content\/uploads\/2022\/04\/palacio-do-grilo-page-palacio.jpg 1949w, https:\/\/palaciogrilo.com\/wp-content\/uploads\/2022\/04\/palacio-do-grilo-page-palacio-300x192.jpg 300w, https:\/\/palaciogrilo.com\/wp-content\/uploads\/2022\/04\/palacio-do-grilo-page-palacio-1024x655.jpg 1024w, https:\/\/palaciogrilo.com\/wp-content\/uploads\/2022\/04\/palacio-do-grilo-page-palacio-768x491.jpg 768w, https:\/\/palaciogrilo.com\/wp-content\/uploads\/2022\/04\/palacio-do-grilo-page-palacio-1536x982.jpg 1536w, https:\/\/palaciogrilo.com\/wp-content\/uploads\/2022\/04\/palacio-do-grilo-page-palacio-350x224.jpg 350w, https:\/\/palaciogrilo.com\/wp-content\/uploads\/2022\/04\/palacio-do-grilo-page-palacio-650x416.jpg 650w, https:\/\/palaciogrilo.com\/wp-content\/uploads\/2022\/04\/palacio-do-grilo-page-palacio-1000x639.jpg 1000w\" data-sizes=\"(max-width: 480px) 320px,(max-width: 767px) 500px,(max-width: 1949px) 100vw, 1949px\" class=\"grid-item-img owl-lazy lazy\" ><\/div><\/div><\/section><\/div><!--End owl --><\/div><\/div><\/div><div id=\"herotitle\" class=\"module col-12 module-id-1651069169631 col-offset-0\" data-module-col=\"12\"><div class=\"module-inside text-inside\" style=\"--top-mod: 0px;--bottom-mod: 0px;--top-mod-m:0px;--bottom-mod-m:0px;\" ><div class=\"text_block_out\"  data-effect=\"standard\" style=\"\"><div class=\"text_block ux-mod-nobg\"><div class=\"text_block_inn\"><div id=\"text-1651069169631\" class=\"text_block_centered text_block_centered_enable_width\"  style=\"\"><h2><span style=\"font-family: ux-font-1649885179906; font-size: 60px; color: #ffffff;\">Le Palais<\/span><\/h2><\/div><\/div><\/div><\/div><\/div><\/div><div id=\"\" class=\"module col-12 module-id-1651069169897 col-offset-0\" data-module-col=\"12\"><div class=\"module-inside text-inside\" style=\"--top-mod: 0px;--bottom-mod: 0px;--top-mod-m:0px;--bottom-mod-m:0px;\" ><div class=\"text_block_out\"  data-effect=\"standard\" style=\"\"><div class=\"text_block ux-mod-nobg\"><div class=\"text_block_inn\"><div id=\"text-1651069169897\" class=\"text_block_centered text_block_centered_enable_width\"  style=\"\"><h3><span style=\"font-family: ux-font-164988511978;\">Le Palacio do Grilo n\u2019a peut-\u00eatre rien de commun au monde.<\/span><\/h3><\/div><\/div><\/div><\/div><\/div><\/div><div id=\"\" class=\"module col-12 module-id-1651069170158 col-offset-0\" data-module-col=\"12\"><div class=\"module-inside text-inside\" style=\"--top-mod: 0px;--bottom-mod: 0px;--top-mod-m:0px;--bottom-mod-m:0px;\" ><div class=\"text_block_out\"  data-effect=\"standard\" style=\"\"><div class=\"text_block ux-mod-nobg\"><div class=\"text_block_inn\"><div id=\"text-1651069170158\" class=\"text_block_centered text_block_centered_enable_width\"  style=\"\"><p>Le Palacio do Grilo est un restaurant au milieu d\u2019un th\u00e9\u00e2tre vivant, o\u00f9 chaque membre de l\u2019\u00e9quipe est un acteur ou un performer, pr\u00eat \u00e0 vous surprendre. Une exp\u00e9rience artistique joyeuse et festive pour tous les publics, et \u00e0 toute heure de la journ\u00e9e. &nbsp;<\/p>\n<p>&nbsp;<\/p>\n<p>Et, pour la premi\u00e8re fois depuis sa construction, il y a trois si\u00e8cles, il ouvre ses portes.<\/p>\n<p>Venir y d\u00eener, y d\u00e9jeuner, y boire un verre, d\u00e9ambuler dans ses salons ou fl\u00e2ner dans ses jardins, c\u2019est faire l\u2019exp\u00e9rience d\u2019un royaume d\u00e9di\u00e9 au r\u00eave, celui qu\u2019un duc fantasque et affili\u00e9 \u00e0 la famille royale du Portugal avait imagin\u00e9 pour lui seul. Gr\u00e2ce au travail de recherche et de cr\u00e9ation intense, une poign\u00e9e d\u2019intellectuels, d\u2019architectes et d\u2019artistes vous permettent de vous plonger dans les secrets de l\u2019immense sc\u00e8ne de ce th\u00e9\u00e2tre vivant, o\u00f9 tout se joue des r\u00e8gles et des habitudes, du quotidien et de la vie courante, de la vraisemblance et de la beaut\u00e9.<\/p>\n<p>Adapt\u00e9 \u00e0 tous les publics et \u00e0 tous les \u00e2ges, le Palacio accueille tous ceux qui viennent \u00e0 lui.<\/p><\/div><\/div><\/div><\/div><\/div><\/div><\/div>","protected":false},"excerpt":{"rendered":"<p>Le PalaisLe Palacio do Grilo n\u2019a peut-\u00eatre rien de commun &hellip;<\/p>\n","protected":false},"author":1,"featured_media":0,"parent":0,"menu_order":0,"comment_status":"closed","ping_status":"closed","template":"","meta":{"inline_featured_image":false,"_monsterinsights_skip_tracking":false,"_monsterinsights_sitenote_active":false,"_monsterinsights_sitenote_note":"","_monsterinsights_sitenote_category":0,"footnotes":""},"class_list":["post-2016","page","type-page","status-publish","hentry"],"acf":[],"yoast_head":"<!-- This site is optimized with the Yoast SEO plugin v18.6 - https:\/\/yoast.com\/wordpress\/plugins\/seo\/ -->\n<title>Palacio do Grilo - Principes<\/title>\n<meta name=\"description\" content=\"D\u00eener, D\u00e9jeuner, Boire un verre, d\u00e9ambuler dans un grand th\u00e9\u00e2tre vivant\" \/>\n<meta name=\"robots\" content=\"index, follow, max-snippet:-1, max-image-preview:large, max-video-preview:-1\" \/>\n<link rel=\"canonical\" href=\"https:\/\/palaciogrilo.com\/fr\/le-palais\/\" \/>\n<meta property=\"og:locale\" content=\"fr_FR\" \/>\n<meta property=\"og:type\" content=\"article\" \/>\n<meta property=\"og:title\" content=\"Palacio do Grilo - Principes\" \/>\n<meta property=\"og:description\" content=\"D\u00eener, D\u00e9jeuner, Boire un verre, d\u00e9ambuler dans un grand th\u00e9\u00e2tre vivant\" \/>\n<meta property=\"og:url\" content=\"https:\/\/palaciogrilo.com\/fr\/le-palais\/\" \/>\n<meta property=\"og:site_name\" content=\"Palacio do Grilo\" \/>\n<meta property=\"article:modified_time\" content=\"2022-04-27T14:42:32+00:00\" \/>\n<meta name=\"twitter:card\" content=\"summary_large_image\" \/>\n<script type=\"application\/ld+json\" class=\"yoast-schema-graph\">{\"@context\":\"https:\/\/schema.org\",\"@graph\":[{\"@type\":\"WebSite\",\"@id\":\"https:\/\/palaciogrilo.com\/en\/#website\",\"url\":\"https:\/\/palaciogrilo.com\/en\/\",\"name\":\"Palacio do Grilo\",\"description\":\"Palace and monuments in Lisbon\",\"potentialAction\":[{\"@type\":\"SearchAction\",\"target\":{\"@type\":\"EntryPoint\",\"urlTemplate\":\"https:\/\/palaciogrilo.com\/en\/?s={search_term_string}\"},\"query-input\":\"required name=search_term_string\"}],\"inLanguage\":\"fr-FR\"},{\"@type\":\"WebPage\",\"@id\":\"https:\/\/palaciogrilo.com\/fr\/le-palais\/#webpage\",\"url\":\"https:\/\/palaciogrilo.com\/fr\/le-palais\/\",\"name\":\"Palacio do Grilo - Principes\",\"isPartOf\":{\"@id\":\"https:\/\/palaciogrilo.com\/en\/#website\"},\"datePublished\":\"2022-04-14T07:49:16+00:00\",\"dateModified\":\"2022-04-27T14:42:32+00:00\",\"description\":\"D\u00eener, D\u00e9jeuner, Boire un verre, d\u00e9ambuler dans un grand th\u00e9\u00e2tre vivant\",\"breadcrumb\":{\"@id\":\"https:\/\/palaciogrilo.com\/fr\/le-palais\/#breadcrumb\"},\"inLanguage\":\"fr-FR\",\"potentialAction\":[{\"@type\":\"ReadAction\",\"target\":[\"https:\/\/palaciogrilo.com\/fr\/le-palais\/\"]}]},{\"@type\":\"BreadcrumbList\",\"@id\":\"https:\/\/palaciogrilo.com\/fr\/le-palais\/#breadcrumb\",\"itemListElement\":[{\"@type\":\"ListItem\",\"position\":1,\"name\":\"Home\",\"item\":\"https:\/\/palaciogrilo.com\/fr\/\"},{\"@type\":\"ListItem\",\"position\":2,\"name\":\"Le Palais\"}]}]}<\/script>\n<!-- \/ Yoast SEO plugin. -->","yoast_head_json":{"title":"Palacio do Grilo - Principes","description":"D\u00eener, D\u00e9jeuner, Boire un verre, d\u00e9ambuler dans un grand th\u00e9\u00e2tre vivant","robots":{"index":"index","follow":"follow","max-snippet":"max-snippet:-1","max-image-preview":"max-image-preview:large","max-video-preview":"max-video-preview:-1"},"canonical":"https:\/\/palaciogrilo.com\/fr\/le-palais\/","og_locale":"fr_FR","og_type":"article","og_title":"Palacio do Grilo - Principes","og_description":"D\u00eener, D\u00e9jeuner, Boire un verre, d\u00e9ambuler dans un grand th\u00e9\u00e2tre vivant","og_url":"https:\/\/palaciogrilo.com\/fr\/le-palais\/","og_site_name":"Palacio do Grilo","article_modified_time":"2022-04-27T14:42:32+00:00","twitter_card":"summary_large_image","schema":{"@context":"https:\/\/schema.org","@graph":[{"@type":"WebSite","@id":"https:\/\/palaciogrilo.com\/en\/#website","url":"https:\/\/palaciogrilo.com\/en\/","name":"Palacio do Grilo","description":"Palace and monuments in Lisbon","potentialAction":[{"@type":"SearchAction","target":{"@type":"EntryPoint","urlTemplate":"https:\/\/palaciogrilo.com\/en\/?s={search_term_string}"},"query-input":"required name=search_term_string"}],"inLanguage":"fr-FR"},{"@type":"WebPage","@id":"https:\/\/palaciogrilo.com\/fr\/le-palais\/#webpage","url":"https:\/\/palaciogrilo.com\/fr\/le-palais\/","name":"Palacio do Grilo - Principes","isPartOf":{"@id":"https:\/\/palaciogrilo.com\/en\/#website"},"datePublished":"2022-04-14T07:49:16+00:00","dateModified":"2022-04-27T14:42:32+00:00","description":"D\u00eener, D\u00e9jeuner, Boire un verre, d\u00e9ambuler dans un grand th\u00e9\u00e2tre vivant","breadcrumb":{"@id":"https:\/\/palaciogrilo.com\/fr\/le-palais\/#breadcrumb"},"inLanguage":"fr-FR","potentialAction":[{"@type":"ReadAction","target":["https:\/\/palaciogrilo.com\/fr\/le-palais\/"]}]},{"@type":"BreadcrumbList","@id":"https:\/\/palaciogrilo.com\/fr\/le-palais\/#breadcrumb","itemListElement":[{"@type":"ListItem","position":1,"name":"Home","item":"https:\/\/palaciogrilo.com\/fr\/"},{"@type":"ListItem","position":2,"name":"Le Palais"}]}]}},"_links":{"self":[{"href":"https:\/\/palaciogrilo.com\/fr\/wp-json\/wp\/v2\/pages\/2016"}],"collection":[{"href":"https:\/\/palaciogrilo.com\/fr\/wp-json\/wp\/v2\/pages"}],"about":[{"href":"https:\/\/palaciogrilo.com\/fr\/wp-json\/wp\/v2\/types\/page"}],"author":[{"embeddable":true,"href":"https:\/\/palaciogrilo.com\/fr\/wp-json\/wp\/v2\/users\/1"}],"replies":[{"embeddable":true,"href":"https:\/\/palaciogrilo.com\/fr\/wp-json\/wp\/v2\/comments?post=2016"}],"version-history":[{"count":3,"href":"https:\/\/palaciogrilo.com\/fr\/wp-json\/wp\/v2\/pages\/2016\/revisions"}],"predecessor-version":[{"id":2322,"href":"https:\/\/palaciogrilo.com\/fr\/wp-json\/wp\/v2\/pages\/2016\/revisions\/2322"}],"wp:attachment":[{"href":"https:\/\/palaciogrilo.com\/fr\/wp-json\/wp\/v2\/media?parent=2016"}],"curies":[{"name":"wp","href":"https:\/\/api.w.org\/{rel}","templated":true}]}}